{"id":54070,"date":"2026-03-07T18:20:20","date_gmt":"2026-03-07T17:20:20","guid":{"rendered":"https:\/\/wham-vintage.com\/big-data-rios-insuadavid-catarata-que-sabemos-de\/"},"modified":"2026-03-08T22:57:50","modified_gmt":"2026-03-08T21:57:50","slug":"big-data-rios-insuadavid-catarata-que-sabemos-de","status":"publish","type":"product","link":"https:\/\/wham-vintage.com\/en\/big-data-rios-insuadavid-catarata-que-sabemos-de\/","title":{"rendered":"BIG DATA &#8211; RIOS INSUA,DAVID &#8211; CATARATA (QUE SABEMOS DE)"},"content":{"rendered":"<p>Disponible a partir: 21-10-2019<\/p>\n<p>Este volumen de la colecci\u00f3n <em>\u00bfQu\u00e9 sabemos de?<\/em> ofrece una explicaci\u00f3n directa y comprensible del fen\u00f3meno del Big Data. El autor, David R\u00edos Insua, analiza c\u00f3mo la enorme cantidad de datos que generamos a trav\u00e9s de m\u00f3viles, aplicaciones y dispositivos conectados se ha convertido en un recurso clave para empresas, administraciones y servicios digitales. Explica de forma sencilla qu\u00e9 tecnolog\u00edas permiten almacenar y procesar estos datos, qu\u00e9 usos tienen \u2014desde personalizar servicios hasta automatizar procesos\u2014 y tambi\u00e9n qu\u00e9 riesgos plantea para nuestra privacidad y nuestra vida cotidiana.<\/p>\n<p>Una obra ideal para quienes quieren comprender c\u00f3mo funcionan los sistemas que nos rodean, qu\u00e9 oportunidades ofrece el Big Data y qu\u00e9 desaf\u00edos plantea en un mundo cada vez m\u00e1s digitalizado.<\/p>","protected":false},"excerpt":{"rendered":"<p>Una introducci\u00f3n clara y accesible al Big Data: qu\u00e9 es, c\u00f3mo funciona y c\u00f3mo afecta a nuestra vida diaria. Un libro perfecto para entender el poder \u2014y los riesgos\u2014 de los datos en la sociedad actual.<\/p>","protected":false},"featured_media":54071,"template":"","meta":{"_acf_changed":false,"_relevanssi_hide_post":"","_relevanssi_pin_for_all":"","_relevanssi_pin_keywords":"","_relevanssi_unpin_keywords":"","_relevanssi_related_keywords":"","_relevanssi_related_include_ids":"0","_relevanssi_related_exclude_ids":"","_relevanssi_related_no_append":"","_relevanssi_related_not_related":"","_relevanssi_related_posts":"37711,37679,37577,37605,37611,37639","_relevanssi_noindex_reason":""},"genero-musical":[],"product_brand":[6692],"product_cat":[],"product_tag":[8848],"tematica":[3187,3114,5164],"class_list":{"0":"post-54070","1":"product","2":"type-product","3":"status-publish","4":"has-post-thumbnail","6":"product_brand-catarata","7":"product_tag-rios-insua-david","8":"tematica-divulgacion-cientifica","9":"tematica-influencia-de-la-ciencia-y-la-tecnologia-sobre-la","10":"tematica-tecnologia-cuestiones-generales","12":"first","13":"onbackorder","14":"sold-individually","15":"purchasable","16":"product-type-simple"},"acf":[],"_links":{"self":[{"href":"https:\/\/wham-vintage.com\/en\/wp-json\/wp\/v2\/product\/54070","targetHints":{"allow":["GET"]}}],"collection":[{"href":"https:\/\/wham-vintage.com\/en\/wp-json\/wp\/v2\/product"}],"about":[{"href":"https:\/\/wham-vintage.com\/en\/wp-json\/wp\/v2\/types\/product"}],"wp:featuredmedia":[{"embeddable":true,"href":"https:\/\/wham-vintage.com\/en\/wp-json\/wp\/v2\/media\/54071"}],"wp:attachment":[{"href":"https:\/\/wham-vintage.com\/en\/wp-json\/wp\/v2\/media?parent=54070"}],"wp:term":[{"taxonomy":"genero-musical","embeddable":true,"href":"https:\/\/wham-vintage.com\/en\/wp-json\/wp\/v2\/genero-musical?post=54070"},{"taxonomy":"product_brand","embeddable":true,"href":"https:\/\/wham-vintage.com\/en\/wp-json\/wp\/v2\/product_brand?post=54070"},{"taxonomy":"product_cat","embeddable":true,"href":"https:\/\/wham-vintage.com\/en\/wp-json\/wp\/v2\/product_cat?post=54070"},{"taxonomy":"product_tag","embeddable":true,"href":"https:\/\/wham-vintage.com\/en\/wp-json\/wp\/v2\/product_tag?post=54070"},{"taxonomy":"tematica","embeddable":true,"href":"https:\/\/wham-vintage.com\/en\/wp-json\/wp\/v2\/tematica?post=54070"}],"curies":[{"name":"wp","href":"https:\/\/api.w.org\/{rel}","templated":true}]}}