{"id":56234,"date":"2026-04-07T11:16:09","date_gmt":"2026-04-07T10:16:09","guid":{"rendered":"https:\/\/wham-vintage.com\/golpes-de-ira-tercios-cd-rock-punk-usado\/"},"modified":"2026-04-07T11:16:38","modified_gmt":"2026-04-07T10:16:38","slug":"golpes-de-ira-tercios-cd-rock-punk-usado","status":"publish","type":"product","link":"https:\/\/wham-vintage.com\/en\/golpes-de-ira-tercios-cd-rock-punk-usado\/","title":{"rendered":"Golpes de Ira &#8211; Tercio\u2019s &#8211; CD &#8211; Rock \/ Punk &#8211; Usado"},"content":{"rendered":"<p>Cd&#8217;s de ocasi\u00f3n en wham-vintage.com buena m\u00fasica bien seleccionada, s\u00f3lo calidad<\/p>","protected":false},"excerpt":{"rendered":"<p>Cd de ocasi\u00f3n de Golpes de Ira &#8211; Tercio\u2019s &#8211; CD &#8211; Rock \/ Punk &#8211; Usado<\/p>","protected":false},"featured_media":0,"template":"","meta":{"_acf_changed":false,"_relevanssi_hide_post":"","_relevanssi_pin_for_all":"","_relevanssi_pin_keywords":"","_relevanssi_unpin_keywords":"","_relevanssi_related_keywords":"","_relevanssi_related_include_ids":"","_relevanssi_related_exclude_ids":"","_relevanssi_related_no_append":"","_relevanssi_related_not_related":"","_relevanssi_related_posts":"40415,55601,17569,23420,23451,23465","_relevanssi_noindex_reason":""},"genero-musical":[9154],"product_brand":[],"product_cat":[9140],"product_tag":[],"tematica":[],"class_list":{"0":"post-56234","1":"product","2":"type-product","3":"status-publish","5":"genero-musical-rock-punk","6":"product_cat-venta-de-cds-musicales-nuevos-y-de-ocasion","8":"first","9":"instock","10":"sold-individually","11":"purchasable","12":"product-type-simple"},"acf":[],"_links":{"self":[{"href":"https:\/\/wham-vintage.com\/en\/wp-json\/wp\/v2\/product\/56234","targetHints":{"allow":["GET"]}}],"collection":[{"href":"https:\/\/wham-vintage.com\/en\/wp-json\/wp\/v2\/product"}],"about":[{"href":"https:\/\/wham-vintage.com\/en\/wp-json\/wp\/v2\/types\/product"}],"wp:attachment":[{"href":"https:\/\/wham-vintage.com\/en\/wp-json\/wp\/v2\/media?parent=56234"}],"wp:term":[{"taxonomy":"genero-musical","embeddable":true,"href":"https:\/\/wham-vintage.com\/en\/wp-json\/wp\/v2\/genero-musical?post=56234"},{"taxonomy":"product_brand","embeddable":true,"href":"https:\/\/wham-vintage.com\/en\/wp-json\/wp\/v2\/product_brand?post=56234"},{"taxonomy":"product_cat","embeddable":true,"href":"https:\/\/wham-vintage.com\/en\/wp-json\/wp\/v2\/product_cat?post=56234"},{"taxonomy":"product_tag","embeddable":true,"href":"https:\/\/wham-vintage.com\/en\/wp-json\/wp\/v2\/product_tag?post=56234"},{"taxonomy":"tematica","embeddable":true,"href":"https:\/\/wham-vintage.com\/en\/wp-json\/wp\/v2\/tematica?post=56234"}],"curies":[{"name":"wp","href":"https:\/\/api.w.org\/{rel}","templated":true}]}}