{"id":56287,"date":"2026-04-07T11:19:38","date_gmt":"2026-04-07T10:19:38","guid":{"rendered":"https:\/\/wham-vintage.com\/inside-the-dreaming-the-wyrd-sisters-cd-folk-usado\/"},"modified":"2026-04-07T11:19:56","modified_gmt":"2026-04-07T10:19:56","slug":"inside-the-dreaming-the-wyrd-sisters-cd-folk-usado","status":"publish","type":"product","link":"https:\/\/wham-vintage.com\/en\/inside-the-dreaming-the-wyrd-sisters-cd-folk-usado\/","title":{"rendered":"Inside the Dreaming &#8211; The Wyrd Sisters &#8211; CD &#8211; Folk &#8211; Usado"},"content":{"rendered":"<p>Cd&#8217;s de ocasi\u00f3n en wham-vintage.com buena m\u00fasica bien seleccionada, s\u00f3lo calidad<\/p>","protected":false},"excerpt":{"rendered":"<p>Cd de ocasi\u00f3n de Inside the Dreaming &#8211; The Wyrd Sisters &#8211; CD &#8211; Folk &#8211; Usado<\/p>","protected":false},"featured_media":0,"template":"","meta":{"_acf_changed":false,"_relevanssi_hide_post":"","_relevanssi_pin_for_all":"","_relevanssi_pin_keywords":"","_relevanssi_unpin_keywords":"","_relevanssi_related_keywords":"","_relevanssi_related_include_ids":"","_relevanssi_related_exclude_ids":"","_relevanssi_related_no_append":"","_relevanssi_related_not_related":"","_relevanssi_related_posts":"39440,17435,46482,44380,51767,48406","_relevanssi_noindex_reason":""},"genero-musical":[],"product_brand":[],"product_cat":[9140],"product_tag":[],"tematica":[],"class_list":{"0":"post-56287","1":"product","2":"type-product","3":"status-publish","5":"product_cat-venta-de-cds-musicales-nuevos-y-de-ocasion","7":"first","8":"instock","9":"sold-individually","10":"purchasable","11":"product-type-simple"},"acf":[],"_links":{"self":[{"href":"https:\/\/wham-vintage.com\/en\/wp-json\/wp\/v2\/product\/56287","targetHints":{"allow":["GET"]}}],"collection":[{"href":"https:\/\/wham-vintage.com\/en\/wp-json\/wp\/v2\/product"}],"about":[{"href":"https:\/\/wham-vintage.com\/en\/wp-json\/wp\/v2\/types\/product"}],"wp:attachment":[{"href":"https:\/\/wham-vintage.com\/en\/wp-json\/wp\/v2\/media?parent=56287"}],"wp:term":[{"taxonomy":"genero-musical","embeddable":true,"href":"https:\/\/wham-vintage.com\/en\/wp-json\/wp\/v2\/genero-musical?post=56287"},{"taxonomy":"product_brand","embeddable":true,"href":"https:\/\/wham-vintage.com\/en\/wp-json\/wp\/v2\/product_brand?post=56287"},{"taxonomy":"product_cat","embeddable":true,"href":"https:\/\/wham-vintage.com\/en\/wp-json\/wp\/v2\/product_cat?post=56287"},{"taxonomy":"product_tag","embeddable":true,"href":"https:\/\/wham-vintage.com\/en\/wp-json\/wp\/v2\/product_tag?post=56287"},{"taxonomy":"tematica","embeddable":true,"href":"https:\/\/wham-vintage.com\/en\/wp-json\/wp\/v2\/tematica?post=56287"}],"curies":[{"name":"wp","href":"https:\/\/api.w.org\/{rel}","templated":true}]}}