{"id":56319,"date":"2026-04-07T11:21:03","date_gmt":"2026-04-07T10:21:03","guid":{"rendered":"https:\/\/wham-vintage.com\/greatest-hits-queen-cd-rock-usado\/"},"modified":"2026-04-07T11:35:56","modified_gmt":"2026-04-07T10:35:56","slug":"greatest-hits-queen-cd-rock-usado","status":"publish","type":"product","link":"https:\/\/wham-vintage.com\/en\/greatest-hits-queen-cd-rock-usado\/","title":{"rendered":"Greatest Hits &#8211; Queen &#8211; CD &#8211; Rock &#8211; Usado"},"content":{"rendered":"<p>Cd&#8217;s de ocasi\u00f3n en wham-vintage.com buena m\u00fasica bien seleccionada, s\u00f3lo calidad<\/p>","protected":false},"excerpt":{"rendered":"<p>Cd de ocasi\u00f3n de Greatest Hits &#8211; Queen &#8211; CD &#8211; Rock &#8211; Usado<\/p>","protected":false},"featured_media":56218,"template":"","meta":{"_acf_changed":false,"_relevanssi_hide_post":"","_relevanssi_pin_for_all":"","_relevanssi_pin_keywords":"","_relevanssi_unpin_keywords":"","_relevanssi_related_keywords":"","_relevanssi_related_include_ids":"","_relevanssi_related_exclude_ids":"","_relevanssi_related_no_append":"","_relevanssi_related_not_related":"","_relevanssi_related_posts":"40415,55597,55601,17026,32135,18192","_relevanssi_noindex_reason":""},"genero-musical":[9148],"product_brand":[],"product_cat":[9140],"product_tag":[],"tematica":[],"class_list":{"0":"post-56319","1":"product","2":"type-product","3":"status-publish","4":"has-post-thumbnail","6":"genero-musical-rock","7":"product_cat-venta-de-cds-musicales-nuevos-y-de-ocasion","9":"first","10":"instock","11":"featured","12":"sold-individually","13":"purchasable","14":"product-type-simple"},"acf":[],"_links":{"self":[{"href":"https:\/\/wham-vintage.com\/en\/wp-json\/wp\/v2\/product\/56319","targetHints":{"allow":["GET"]}}],"collection":[{"href":"https:\/\/wham-vintage.com\/en\/wp-json\/wp\/v2\/product"}],"about":[{"href":"https:\/\/wham-vintage.com\/en\/wp-json\/wp\/v2\/types\/product"}],"wp:featuredmedia":[{"embeddable":true,"href":"https:\/\/wham-vintage.com\/en\/wp-json\/wp\/v2\/media\/56218"}],"wp:attachment":[{"href":"https:\/\/wham-vintage.com\/en\/wp-json\/wp\/v2\/media?parent=56319"}],"wp:term":[{"taxonomy":"genero-musical","embeddable":true,"href":"https:\/\/wham-vintage.com\/en\/wp-json\/wp\/v2\/genero-musical?post=56319"},{"taxonomy":"product_brand","embeddable":true,"href":"https:\/\/wham-vintage.com\/en\/wp-json\/wp\/v2\/product_brand?post=56319"},{"taxonomy":"product_cat","embeddable":true,"href":"https:\/\/wham-vintage.com\/en\/wp-json\/wp\/v2\/product_cat?post=56319"},{"taxonomy":"product_tag","embeddable":true,"href":"https:\/\/wham-vintage.com\/en\/wp-json\/wp\/v2\/product_tag?post=56319"},{"taxonomy":"tematica","embeddable":true,"href":"https:\/\/wham-vintage.com\/en\/wp-json\/wp\/v2\/tematica?post=56319"}],"curies":[{"name":"wp","href":"https:\/\/api.w.org\/{rel}","templated":true}]}}