{"id":57122,"date":"2026-04-24T11:08:58","date_gmt":"2026-04-24T10:08:58","guid":{"rendered":"https:\/\/wham-vintage.com\/superlopez-suenos-frikis-jan-penguin-bruguera\/"},"modified":"2026-04-24T15:33:09","modified_gmt":"2026-04-24T14:33:09","slug":"superlopez-suenos-frikis-jan-penguin-bruguera","status":"publish","type":"product","link":"https:\/\/wham-vintage.com\/en\/superlopez-suenos-frikis-jan-penguin-bruguera\/","title":{"rendered":"Superl\u00f3pez &#8211; Sue\u00f1os Frikis &#8211; Jan &#8211; Penguin Bruguera"},"content":{"rendered":"<p><strong>Author:<\/strong> Jan<\/p>\n<p><strong>Editorial:<\/strong> Penguin Bruguera<\/p>\n<p><strong>Format:<\/strong> Hard cover<\/p>\n<p><strong>A\u00f1o Edici\u00f3n:<\/strong> 2022<\/p>\n<p><strong>ISBN:<\/strong> 9788402425331<\/p>","protected":false},"excerpt":{"rendered":"<p>\u00daltima aventura de Superl\u00f3pez &#8211; Sue\u00f1os Frikis \u00b7 por Jan \u00b7 Editorial Penguin Bruguera \u00b7 Tapa dura<\/p>","protected":false},"featured_media":57123,"template":"","meta":{"_acf_changed":false,"_relevanssi_hide_post":"","_relevanssi_pin_for_all":"","_relevanssi_pin_keywords":"","_relevanssi_unpin_keywords":"","_relevanssi_related_keywords":"","_relevanssi_related_include_ids":"0","_relevanssi_related_exclude_ids":"","_relevanssi_related_no_append":"","_relevanssi_related_not_related":"","_relevanssi_related_posts":"16964,56062,44053,56052,56060,55744","_relevanssi_noindex_reason":""},"genero-musical":[],"product_brand":[],"product_cat":[22,1508,21],"product_tag":[],"tematica":[],"class_list":{"0":"post-57122","1":"product","2":"type-product","3":"status-publish","4":"has-post-thumbnail","6":"product_cat-comics-tebeos-vintage","7":"product_cat-libros-cofres-pack-estuches-regalo","8":"product_cat-libros-antiguos-de-ocasion-y-coleccion","10":"first","11":"instock","12":"sold-individually","13":"taxable","14":"shipping-taxable","15":"purchasable","16":"product-type-simple"},"acf":[],"_links":{"self":[{"href":"https:\/\/wham-vintage.com\/en\/wp-json\/wp\/v2\/product\/57122","targetHints":{"allow":["GET"]}}],"collection":[{"href":"https:\/\/wham-vintage.com\/en\/wp-json\/wp\/v2\/product"}],"about":[{"href":"https:\/\/wham-vintage.com\/en\/wp-json\/wp\/v2\/types\/product"}],"wp:featuredmedia":[{"embeddable":true,"href":"https:\/\/wham-vintage.com\/en\/wp-json\/wp\/v2\/media\/57123"}],"wp:attachment":[{"href":"https:\/\/wham-vintage.com\/en\/wp-json\/wp\/v2\/media?parent=57122"}],"wp:term":[{"taxonomy":"genero-musical","embeddable":true,"href":"https:\/\/wham-vintage.com\/en\/wp-json\/wp\/v2\/genero-musical?post=57122"},{"taxonomy":"product_brand","embeddable":true,"href":"https:\/\/wham-vintage.com\/en\/wp-json\/wp\/v2\/product_brand?post=57122"},{"taxonomy":"product_cat","embeddable":true,"href":"https:\/\/wham-vintage.com\/en\/wp-json\/wp\/v2\/product_cat?post=57122"},{"taxonomy":"product_tag","embeddable":true,"href":"https:\/\/wham-vintage.com\/en\/wp-json\/wp\/v2\/product_tag?post=57122"},{"taxonomy":"tematica","embeddable":true,"href":"https:\/\/wham-vintage.com\/en\/wp-json\/wp\/v2\/tematica?post=57122"}],"curies":[{"name":"wp","href":"https:\/\/api.w.org\/{rel}","templated":true}]}}