{"id":7,"date":"2025-01-28T19:13:20","date_gmt":"2025-01-28T19:13:20","guid":{"rendered":"https:\/\/wham-vintage.com\/index.php\/cart\/"},"modified":"2025-09-06T09:34:21","modified_gmt":"2025-09-06T09:34:21","slug":"chariot","status":"publish","type":"page","link":"https:\/\/wham-vintage.com\/fr\/chariot\/","title":{"rendered":"Panier"},"content":{"rendered":"<div data-block-name=\"woocommerce\/cart\" class=\"wp-block-woocommerce-cart alignwide is-loading\">\n<div data-block-name=\"woocommerce\/filled-cart-block\" class=\"wp-block-woocommerce-filled-cart-block\">\n<div data-block-name=\"woocommerce\/cart-items-block\" class=\"wp-block-woocommerce-cart-items-block\">\n<div data-block-name=\"woocommerce\/cart-line-items-block\" class=\"wp-block-woocommerce-cart-line-items-block\"><\/div>\n\n\n\n<div data-block-name=\"woocommerce\/cart-cross-sells-block\" class=\"wp-block-woocommerce-cart-cross-sells-block\">\n<h2 id=\"tambien-podria-interesarte\" class=\"wp-block-heading has-large-font-size\">Vous pourriez \u00e9galement \u00eatre int\u00e9ress\u00e9 par\u2026<\/h2>\n\n\n\n<div data-block-name=\"woocommerce\/cart-cross-sells-products-block\" class=\"wp-block-woocommerce-cart-cross-sells-products-block\"><\/div>\n<\/div>\n<\/div>\n\n\n\n<div data-block-name=\"woocommerce\/cart-totals-block\" class=\"wp-block-woocommerce-cart-totals-block\">\n<div data-block-name=\"woocommerce\/cart-order-summary-block\" class=\"wp-block-woocommerce-cart-order-summary-block\">\n<div data-block-name=\"woocommerce\/cart-order-summary-heading-block\" data-content=\"Totales del carrito\" class=\"wp-block-woocommerce-cart-order-summary-heading-block\"><\/div>\n\n\n\n<div data-block-name=\"woocommerce\/cart-order-summary-coupon-form-block\" class=\"wp-block-woocommerce-cart-order-summary-coupon-form-block\"><\/div>\n\n\n\n<div data-block-name=\"woocommerce\/cart-order-summary-totals-block\" class=\"wp-block-woocommerce-cart-order-summary-totals-block\">\n<div data-block-name=\"woocommerce\/cart-order-summary-subtotal-block\" class=\"wp-block-woocommerce-cart-order-summary-subtotal-block\"><\/div>\n\n\n\n<div data-block-name=\"woocommerce\/cart-order-summary-fee-block\" class=\"wp-block-woocommerce-cart-order-summary-fee-block\"><\/div>\n\n\n\n<div data-block-name=\"woocommerce\/cart-order-summary-discount-block\" class=\"wp-block-woocommerce-cart-order-summary-discount-block\"><\/div>\n\n\n\n<div data-block-name=\"woocommerce\/cart-order-summary-shipping-block\" class=\"wp-block-woocommerce-cart-order-summary-shipping-block\"><\/div>\n\n\n\n<div data-block-name=\"woocommerce\/cart-order-summary-taxes-block\" class=\"wp-block-woocommerce-cart-order-summary-taxes-block\"><\/div>\n<\/div>\n<\/div>\n\n\n\n<div data-block-name=\"woocommerce\/cart-express-payment-block\" class=\"wp-block-woocommerce-cart-express-payment-block\"><\/div>\n\n\n\n<div data-block-name=\"woocommerce\/proceed-to-checkout-block\" class=\"wp-block-woocommerce-proceed-to-checkout-block\"><\/div>\n\n\n\n<div data-block-name=\"woocommerce\/cart-accepted-payment-methods-block\" class=\"wp-block-woocommerce-cart-accepted-payment-methods-block\"><\/div>\n<\/div>\n<\/div>\n\n\n\n<div data-block-name=\"woocommerce\/empty-cart-block\" class=\"wp-block-woocommerce-empty-cart-block\">\n<h2 id=\"your-cart-is-currently-empty\" class=\"wp-block-heading has-text-align-center with-empty-cart-icon wc-block-cart__empty-cart__title\">Votre panier est actuellement vide !<\/h2>\n\n\n\n<hr class=\"wp-block-separator has-alpha-channel-opacity is-style-dots\"\/>\n\n\n\n<h2 id=\"new-in-store\" class=\"wp-block-heading has-text-align-center\">Nouveau en magasin<\/h2>\n\n\n<div data-block-name=\"woocommerce\/product-new\" data-columns=\"4\" data-rows=\"1\" class=\"wc-block-grid wp-block-product-new wp-block-woocommerce-product-new wc-block-product-new has-4-columns\"><ul class=\"wc-block-grid__products\"><li class=\"wc-block-grid__product\">\n\t\t\t\t<div class=\"tinv-wraper woocommerce tinv-wishlist tinvwl-above_thumb-add-to-cart tinvwl-loop-button-wrapper tinvwl-woocommerce_blocks_product_grid_item_html\" data-tinvwl_product_id=\"57122\">\r\n\t<div class=\"tinv-wishlist-clear\"><\/div><a role=\"button\" tabindex=\"0\" name=\"me-gusta\" aria-label=\"J&#039;aime\" class=\"tinvwl_add_to_wishlist_button tinvwl-icon-heart ti-wishlist-over tinvwl-position-above_thumb tinvwl-loop\" data-tinv-wl-list=\"[]\" data-tinv-wl-product=\"57122\" data-tinv-wl-productvariation=\"0\" data-tinv-wl-productvariations=\"[]\" data-tinv-wl-producttype=\"simple\" data-tinv-wl-action=\"add\"><span class=\"tinvwl_add_to_wishlist-text\">J&#039;aime<\/span><\/a><div class=\"tinv-wishlist-clear\"><\/div>\t\t<div class=\"tinvwl-tooltip\">J&#039;aime<\/div>\r\n<\/div><a href=\"https:\/\/wham-vintage.com\/fr\/superlopez-suenos-frikis-jan-penguin-bruguera\/\" class=\"wc-block-grid__product-link\">\n\t\t\t\t\t\n\t\t\t\t\t<div class=\"wc-block-grid__product-image\"><img loading=\"lazy\" decoding=\"async\" width=\"300\" height=\"300\" src=\"https:\/\/wham-vintage.com\/wp-content\/uploads\/2026\/04\/Superlopez-suenos-frikis-album-oferta-300x300.jpg\" class=\"attachment-woocommerce_thumbnail size-woocommerce_thumbnail\" alt=\"Superl\u00f3pez - Sue\u00f1os Frikis - Jan - Penguin Bruguera\" srcset=\"https:\/\/wham-vintage.com\/wp-content\/uploads\/2026\/04\/Superlopez-suenos-frikis-album-oferta-300x300.jpg 300w, https:\/\/wham-vintage.com\/wp-content\/uploads\/2026\/04\/Superlopez-suenos-frikis-album-oferta-100x100.jpg 100w\" sizes=\"auto, (max-width: 300px) 100vw, 300px\" data-wp-pid=\"57123\"><\/div>\n\t\t\t\t\t<div class=\"wc-block-grid__product-title\">Superl\u00f3pez &#8211; Sue\u00f1os Frikis &#8211; Jan &#8211; Penguin Bruguera<\/div>\n\t\t\t\t<\/a>\n\t\t\t\t<div class=\"wc-block-grid__product-price price\"><span class=\"woocommerce-Price-amount amount\">13.00<span class=\"woocommerce-Price-currencySymbol\">\u20ac<\/span><\/span><\/div>\n\t\t\t\t\n\t\t\t\t<div class=\"wp-block-button wc-block-grid__product-add-to-cart\"><a href=\"\/fr\/wp-json\/wp\/v2\/pages\/7?add-to-cart=57122\" aria-label=\"Ajouter au panier\u00a0: \u00ab\u00a0Superl\u00f3pez - Sue\u00f1os Frikis - Jan - Penguin Bruguera\u00a0\u00bb\" data-quantity=\"1\" data-product_id=\"57122\" data-product_sku=\"\" data-price=\"13\" rel=\"nofollow\" class=\"wp-block-button__link wp-element-button add_to_cart_button ajax_add_to_cart\" data-no-translation=\"\" data-trp-gettext=\"\" data-no-translation-aria-label=\"\">Ajouter au panier<\/a><\/div>\n\t\t\t<\/li><li class=\"wc-block-grid__product\">\n\t\t\t\t<div class=\"tinv-wraper woocommerce tinv-wishlist tinvwl-above_thumb-add-to-cart tinvwl-loop-button-wrapper tinvwl-woocommerce_blocks_product_grid_item_html\" data-tinvwl_product_id=\"57121\">\r\n\t<div class=\"tinv-wishlist-clear\"><\/div><a role=\"button\" tabindex=\"0\" name=\"me-gusta\" aria-label=\"J&#039;aime\" class=\"tinvwl_add_to_wishlist_button tinvwl-icon-heart ti-wishlist-over tinvwl-position-above_thumb tinvwl-loop\" data-tinv-wl-list=\"[]\" data-tinv-wl-product=\"57121\" data-tinv-wl-productvariation=\"0\" data-tinv-wl-productvariations=\"[]\" data-tinv-wl-producttype=\"simple\" data-tinv-wl-action=\"add\"><span class=\"tinvwl_add_to_wishlist-text\">J&#039;aime<\/span><\/a><div class=\"tinv-wishlist-clear\"><\/div>\t\t<div class=\"tinvwl-tooltip\">J&#039;aime<\/div>\r\n<\/div><a href=\"https:\/\/wham-vintage.com\/fr\/superlopez-el-patio-de-tu-casa-es-particular-magos-del-humor-96-jan-ediciones-b\/\" class=\"wc-block-grid__product-link\">\n\t\t\t\t\t\n\t\t\t\t\t<div class=\"wc-block-grid__product-image\"><img loading=\"lazy\" decoding=\"async\" width=\"300\" height=\"300\" src=\"https:\/\/wham-vintage.com\/wp-content\/uploads\/2026\/04\/superlopez-el-patio-300x300.jpg\" class=\"attachment-woocommerce_thumbnail size-woocommerce_thumbnail\" alt=\"Superl\u00f3pez. El patio de tu casa es particular (Magos del Humor 96) - Jan - Ediciones B\" srcset=\"https:\/\/wham-vintage.com\/wp-content\/uploads\/2026\/04\/superlopez-el-patio-300x300.jpg 300w, https:\/\/wham-vintage.com\/wp-content\/uploads\/2026\/04\/superlopez-el-patio-100x100.jpg 100w\" sizes=\"auto, (max-width: 300px) 100vw, 300px\" data-wp-pid=\"57124\"><\/div>\n\t\t\t\t\t<div class=\"wc-block-grid__product-title\">Superl\u00f3pez. El patio de tu casa es particular (Magos del Humor 96) &#8211; Jan &#8211; Ediciones B<\/div>\n\t\t\t\t<\/a>\n\t\t\t\t<div class=\"wc-block-grid__product-price price\"><span class=\"woocommerce-Price-amount amount\">10.00<span class=\"woocommerce-Price-currencySymbol\">\u20ac<\/span><\/span><\/div>\n\t\t\t\t\n\t\t\t\t<div class=\"wp-block-button wc-block-grid__product-add-to-cart\"><a href=\"\/fr\/wp-json\/wp\/v2\/pages\/7?add-to-cart=57121\" aria-label=\"Ajouter au panier\u00a0: \u00ab\u00a0Superl\u00f3pez. El patio de tu casa es particular (Magos del Humor 96) - Jan - Ediciones B\u00a0\u00bb\" data-quantity=\"1\" data-product_id=\"57121\" data-product_sku=\"\" data-price=\"10\" rel=\"nofollow\" class=\"wp-block-button__link wp-element-button add_to_cart_button ajax_add_to_cart\" data-no-translation=\"\" data-trp-gettext=\"\" data-no-translation-aria-label=\"\">Ajouter au panier<\/a><\/div>\n\t\t\t<\/li><li class=\"wc-block-grid__product\">\n\t\t\t\t<div class=\"tinv-wraper woocommerce tinv-wishlist tinvwl-above_thumb-add-to-cart tinvwl-loop-button-wrapper tinvwl-woocommerce_blocks_product_grid_item_html\" data-tinvwl_product_id=\"57120\">\r\n\t<div class=\"tinv-wishlist-clear\"><\/div><a role=\"button\" tabindex=\"0\" name=\"me-gusta\" aria-label=\"J&#039;aime\" class=\"tinvwl_add_to_wishlist_button tinvwl-icon-heart ti-wishlist-over tinvwl-position-above_thumb tinvwl-loop\" data-tinv-wl-list=\"[]\" data-tinv-wl-product=\"57120\" data-tinv-wl-productvariation=\"0\" data-tinv-wl-productvariations=\"[]\" data-tinv-wl-producttype=\"simple\" data-tinv-wl-action=\"add\"><span class=\"tinvwl_add_to_wishlist-text\">J&#039;aime<\/span><\/a><div class=\"tinv-wishlist-clear\"><\/div>\t\t<div class=\"tinvwl-tooltip\">J&#039;aime<\/div>\r\n<\/div><a href=\"https:\/\/wham-vintage.com\/fr\/egidio-el-granjero-de-ham-j-r-r-tolkien-minotauro\/\" class=\"wc-block-grid__product-link\">\n\t\t\t\t\t\n\t\t\t\t\t<div class=\"wc-block-grid__product-image\"><img loading=\"lazy\" decoding=\"async\" width=\"180\" height=\"278\" src=\"https:\/\/wham-vintage.com\/wp-content\/uploads\/2026\/04\/book_9788445071960.jpg\" class=\"attachment-woocommerce_thumbnail size-woocommerce_thumbnail\" alt=\"Egidio el Granjero de Ham - J.R.R. Tolkien - Minotauro\" srcset=\"https:\/\/wham-vintage.com\/wp-content\/uploads\/2026\/04\/book_9788445071960.jpg 180w, https:\/\/wham-vintage.com\/wp-content\/uploads\/2026\/04\/book_9788445071960-8x12.jpg 8w, https:\/\/wham-vintage.com\/wp-content\/uploads\/2026\/04\/book_9788445071960-62x96.jpg 62w, https:\/\/wham-vintage.com\/wp-content\/uploads\/2026\/04\/book_9788445071960-27x42.jpg 27w\" sizes=\"auto, (max-width: 180px) 100vw, 180px\" data-wp-pid=\"57119\"><\/div>\n\t\t\t\t\t<div class=\"wc-block-grid__product-title\">Egidio el Granjero de Ham &#8211; J.R.R. Tolkien &#8211; Minotauro<\/div>\n\t\t\t\t<\/a>\n\t\t\t\t<div class=\"wc-block-grid__product-price price\"><span class=\"woocommerce-Price-amount amount\">15.00<span class=\"woocommerce-Price-currencySymbol\">\u20ac<\/span><\/span><\/div>\n\t\t\t\t\n\t\t\t\t<div class=\"wp-block-button wc-block-grid__product-add-to-cart\"><a href=\"\/fr\/wp-json\/wp\/v2\/pages\/7?add-to-cart=57120\" aria-label=\"Ajouter au panier\u00a0: \u00ab\u00a0Egidio el Granjero de Ham - J.R.R. Tolkien - Minotauro\u00a0\u00bb\" data-quantity=\"1\" data-product_id=\"57120\" data-product_sku=\"\" data-price=\"15\" rel=\"nofollow\" class=\"wp-block-button__link wp-element-button add_to_cart_button ajax_add_to_cart\" data-no-translation=\"\" data-trp-gettext=\"\" data-no-translation-aria-label=\"\">Ajouter au panier<\/a><\/div>\n\t\t\t<\/li><li class=\"wc-block-grid__product\">\n\t\t\t\t<div class=\"tinv-wraper woocommerce tinv-wishlist tinvwl-above_thumb-add-to-cart tinvwl-loop-button-wrapper tinvwl-woocommerce_blocks_product_grid_item_html\" data-tinvwl_product_id=\"57118\">\r\n\t<div class=\"tinv-wishlist-clear\"><\/div><a role=\"button\" tabindex=\"0\" name=\"me-gusta\" aria-label=\"J&#039;aime\" class=\"tinvwl_add_to_wishlist_button tinvwl-icon-heart ti-wishlist-over tinvwl-position-above_thumb tinvwl-loop\" data-tinv-wl-list=\"[]\" data-tinv-wl-product=\"57118\" data-tinv-wl-productvariation=\"0\" data-tinv-wl-productvariations=\"[]\" data-tinv-wl-producttype=\"simple\" data-tinv-wl-action=\"add\"><span class=\"tinvwl_add_to_wishlist-text\">J&#039;aime<\/span><\/a><div class=\"tinv-wishlist-clear\"><\/div>\t\t<div class=\"tinvwl-tooltip\">J&#039;aime<\/div>\r\n<\/div><a href=\"https:\/\/wham-vintage.com\/fr\/historias-del-joventut-santiago-escribano-lopez-salvador-maldonado-xavier-ballesteros-tomas-jofresa-ediciones-jc\/\" class=\"wc-block-grid__product-link\">\n\t\t\t\t\t\n\t\t\t\t\t<div class=\"wc-block-grid__product-image\"><img loading=\"lazy\" decoding=\"async\" width=\"180\" height=\"255\" src=\"https:\/\/wham-vintage.com\/wp-content\/uploads\/2026\/04\/book_9788415448396.jpg\" class=\"attachment-woocommerce_thumbnail size-woocommerce_thumbnail\" alt=\"Historias del Joventut - Santiago Escribano L\u00f3pez, Salvador Maldonado, Xavier Ballesteros, Tom\u00e1s Jofresa - Ediciones JC\" srcset=\"https:\/\/wham-vintage.com\/wp-content\/uploads\/2026\/04\/book_9788415448396.jpg 180w, https:\/\/wham-vintage.com\/wp-content\/uploads\/2026\/04\/book_9788415448396-8x12.jpg 8w, https:\/\/wham-vintage.com\/wp-content\/uploads\/2026\/04\/book_9788415448396-68x96.jpg 68w, https:\/\/wham-vintage.com\/wp-content\/uploads\/2026\/04\/book_9788415448396-30x42.jpg 30w\" sizes=\"auto, (max-width: 180px) 100vw, 180px\" data-wp-pid=\"57117\"><\/div>\n\t\t\t\t\t<div class=\"wc-block-grid__product-title\">Historias del Joventut &#8211; Santiago Escribano L\u00f3pez, Salvador Maldonado, Xavier Ballesteros, Tom\u00e1s Jofresa &#8211; Ediciones JC<\/div>\n\t\t\t\t<\/a>\n\t\t\t\t<div class=\"wc-block-grid__product-price price\"><span class=\"woocommerce-Price-amount amount\">12.00<span class=\"woocommerce-Price-currencySymbol\">\u20ac<\/span><\/span><\/div>\n\t\t\t\t\n\t\t\t\t<div class=\"wp-block-button wc-block-grid__product-add-to-cart\"><a href=\"\/fr\/wp-json\/wp\/v2\/pages\/7?add-to-cart=57118\" aria-label=\"Ajouter au panier\u00a0: \u00ab\u00a0Historias del Joventut - Santiago Escribano L\u00f3pez, Salvador Maldonado, Xavier Ballesteros, Tom\u00e1s Jofresa - Ediciones JC\u00a0\u00bb\" data-quantity=\"1\" data-product_id=\"57118\" data-product_sku=\"\" data-price=\"12\" rel=\"nofollow\" class=\"wp-block-button__link wp-element-button add_to_cart_button ajax_add_to_cart\" data-no-translation=\"\" data-trp-gettext=\"\" data-no-translation-aria-label=\"\">Ajouter au panier<\/a><\/div>\n\t\t\t<\/li><\/ul><\/div><\/div>\n<\/div>","protected":false},"excerpt":{"rendered":"","protected":false},"author":1,"featured_media":0,"parent":0,"menu_order":0,"comment_status":"closed","ping_status":"closed","template":"","meta":{"_acf_changed":false,"_relevanssi_hide_post":"","_relevanssi_pin_for_all":"","_relevanssi_pin_keywords":"","_relevanssi_unpin_keywords":"","_relevanssi_related_keywords":"","_relevanssi_related_include_ids":"","_relevanssi_related_exclude_ids":"","_relevanssi_related_no_append":"","_relevanssi_related_not_related":"","_relevanssi_related_posts":"","_relevanssi_noindex_reason":"","footnotes":""},"class_list":["post-7","page","type-page","status-publish","hentry"],"acf":[],"_links":{"self":[{"href":"https:\/\/wham-vintage.com\/fr\/wp-json\/wp\/v2\/pages\/7","targetHints":{"allow":["GET"]}}],"collection":[{"href":"https:\/\/wham-vintage.com\/fr\/wp-json\/wp\/v2\/pages"}],"about":[{"href":"https:\/\/wham-vintage.com\/fr\/wp-json\/wp\/v2\/types\/page"}],"author":[{"embeddable":true,"href":"https:\/\/wham-vintage.com\/fr\/wp-json\/wp\/v2\/users\/1"}],"replies":[{"embeddable":true,"href":"https:\/\/wham-vintage.com\/fr\/wp-json\/wp\/v2\/comments?post=7"}],"version-history":[{"count":0,"href":"https:\/\/wham-vintage.com\/fr\/wp-json\/wp\/v2\/pages\/7\/revisions"}],"wp:attachment":[{"href":"https:\/\/wham-vintage.com\/fr\/wp-json\/wp\/v2\/media?parent=7"}],"curies":[{"name":"wp","href":"https:\/\/api.w.org\/{rel}","templated":true}]}}