{"id":12065,"date":"2025-09-29T18:08:37","date_gmt":"2025-09-29T18:08:37","guid":{"rendered":"https:\/\/wham-vintage.com\/etereo-edicion-especial-limitada-en-tapa-dura-joana-marcus\/"},"modified":"2025-09-30T18:11:12","modified_gmt":"2025-09-30T18:11:12","slug":"etereo-edition-speciale-limitee-en-couverture-rigide-joana-marcus","status":"publish","type":"product","link":"https:\/\/wham-vintage.com\/fr\/etereo-edicion-especial-limitada-en-tapa-dura-joana-marcus\/","title":{"rendered":"ETEREO \u00c9DITION SP\u00c9CIALE LIMIT\u00c9E EN COUVERTURE RIGIDE \u2013 JOANA MARCUS"},"content":{"rendered":"","protected":false},"excerpt":{"rendered":"","protected":false},"featured_media":12066,"template":"","meta":{"_acf_changed":false,"_relevanssi_hide_post":"","_relevanssi_pin_for_all":"","_relevanssi_pin_keywords":"","_relevanssi_unpin_keywords":"","_relevanssi_related_keywords":"","_relevanssi_related_include_ids":"","_relevanssi_related_exclude_ids":"","_relevanssi_related_no_append":"","_relevanssi_related_not_related":"","_relevanssi_related_posts":"20685,9343,9929,19979,13171,12075","_relevanssi_noindex_reason":""},"genero-musical":[],"grupo-categoria":[],"product_brand":[],"product_cat":[],"product_tag":[1084],"tematica":[1083],"class_list":{"0":"post-12065","1":"product","2":"type-product","3":"status-publish","4":"has-post-thumbnail","6":"product_tag-joana-marcus","7":"tematica-romantica-y-romantasy","9":"first","10":"onbackorder","11":"sold-individually","12":"purchasable","13":"product-type-simple"},"acf":[],"_links":{"self":[{"href":"https:\/\/wham-vintage.com\/fr\/wp-json\/wp\/v2\/product\/12065","targetHints":{"allow":["GET"]}}],"collection":[{"href":"https:\/\/wham-vintage.com\/fr\/wp-json\/wp\/v2\/product"}],"about":[{"href":"https:\/\/wham-vintage.com\/fr\/wp-json\/wp\/v2\/types\/product"}],"wp:featuredmedia":[{"embeddable":true,"href":"https:\/\/wham-vintage.com\/fr\/wp-json\/wp\/v2\/media\/12066"}],"wp:attachment":[{"href":"https:\/\/wham-vintage.com\/fr\/wp-json\/wp\/v2\/media?parent=12065"}],"wp:term":[{"taxonomy":"genero-musical","embeddable":true,"href":"https:\/\/wham-vintage.com\/fr\/wp-json\/wp\/v2\/genero-musical?post=12065"},{"taxonomy":"grupo-categoria","embeddable":true,"href":"https:\/\/wham-vintage.com\/fr\/wp-json\/wp\/v2\/grupo-categoria?post=12065"},{"taxonomy":"product_brand","embeddable":true,"href":"https:\/\/wham-vintage.com\/fr\/wp-json\/wp\/v2\/product_brand?post=12065"},{"taxonomy":"product_cat","embeddable":true,"href":"https:\/\/wham-vintage.com\/fr\/wp-json\/wp\/v2\/product_cat?post=12065"},{"taxonomy":"product_tag","embeddable":true,"href":"https:\/\/wham-vintage.com\/fr\/wp-json\/wp\/v2\/product_tag?post=12065"},{"taxonomy":"tematica","embeddable":true,"href":"https:\/\/wham-vintage.com\/fr\/wp-json\/wp\/v2\/tematica?post=12065"}],"curies":[{"name":"wp","href":"https:\/\/api.w.org\/{rel}","templated":true}]}}