{"id":13267,"date":"2025-10-12T07:45:34","date_gmt":"2025-10-12T07:45:34","guid":{"rendered":"https:\/\/wham-vintage.com\/tarot-el-senor-de-los-anillos-varios-autores\/"},"modified":"2026-02-14T16:33:20","modified_gmt":"2026-02-14T15:33:20","slug":"tarot-du-seigneur-des-anneaux-par-divers-auteurs","status":"publish","type":"product","link":"https:\/\/wham-vintage.com\/fr\/tarot-du-seigneur-des-anneaux-par-divers-auteurs\/","title":{"rendered":"LE TAROT DU SEIGNEUR DES ANNEAUX \u2013 DIVERS AUTEURS"},"content":{"rendered":"<p>Il <strong>Le Tarot du Seigneur des Anneaux<\/strong>, Publi\u00e9 par Minotauro et cr\u00e9\u00e9 par plusieurs auteurs, cet ouvrage est un v\u00e9ritable joyau culturel qui unit l&#039;univers de Tolkien \u00e0 la pratique ancestrale du tarot. Chaque carte est illustr\u00e9e de personnages, de paysages et de symboles de la Terre du Milieu, transformant le tirage en une exp\u00e9rience \u00e9pique et mystique.<\/p>\n<blockquote class=\"tiktok-embed\" cite=\"https:\/\/www.tiktok.com\/@llocosxllectura\/video\/7267359122197138693\" data-video-id=\"7267359122197138693\" style=\"max-width: 605px;min-width: 325px;\" >\n<section> <a target=\"_blank\" title=\"@llocosxllectura\" href=\"https:\/\/www.tiktok.com\/@llocosxllectura?refer=embed\">@llocosxllectura<\/a> \u2728\ud83e\uddd9\ud83c\udffd\u200d\u2642\ufe0f TROP BEAU \ud83d\udcab TAROT : LE SEIGNEUR DES ANNEAUX \ud83e\uddd9\ud83c\udffd\u200d\u2642\ufe0f \u2728\ufe0f . \ud83d\udc4ePRIX NORMAL : 125 soles \ud83d\udcabPRIX PROMOTIONNEL : 99 soles . \u2728D\u00c9TAILS \u2705\u00c9DITEUR : MINOTAURO \u2705\u00c9TAT : NEUF . \u2728R\u00c9SUM\u00c9 : \u26a1 Jeu de tarot officiel Tolkien. Explorez votre pass\u00e9, votre pr\u00e9sent et votre avenir avec ce jeu de tarot officiel aux illustrations sensationnelles inspir\u00e9es des romans embl\u00e9matiques du Seigneur des Anneaux. Ce jeu de tarot est sign\u00e9 Tom\u00e1s Hijo, illustrateur de renom, \u00e9galement connu \u00e0 Hollywood pour avoir illustr\u00e9 le jeu de tarot apparu r\u00e9cemment dans le film ' Nightmare Alley '. . <a title=\"fou de lecture\" target=\"_blank\" href=\"https:\/\/www.tiktok.com\/tag\/locosporlalectura?refer=embed\">#locosporlalectura<\/a> <a title=\"J&#039;aime lire\" target=\"_blank\" href=\"https:\/\/www.tiktok.com\/tag\/megustaleer?refer=embed\">#megustaleer<\/a> <a title=\"llocosxllectura\" target=\"_blank\" href=\"https:\/\/www.tiktok.com\/tag\/llocosxllectura?refer=embed\">#llocosxllectura<\/a> <a title=\"lire, c&#039;est g\u00e9nial\" target=\"_blank\" href=\"https:\/\/www.tiktok.com\/tag\/leeresgenial?refer=embed\">#leeresgenial<\/a> <a title=\"instagood\" target=\"_blank\" href=\"https:\/\/www.tiktok.com\/tag\/instagood?refer=embed\">#instagood<\/a> <a title=\"Le Silmarillion\" target=\"_blank\" href=\"https:\/\/www.tiktok.com\/tag\/elsilmarillion?refer=embed\">#elsilmarillion<\/a> <a title=\"Le Silmarillion\" target=\"_blank\" href=\"https:\/\/www.tiktok.com\/tag\/thesilmarillion?refer=embed\">#thesilmarillion<\/a> <a title=\"Le Silmarillion\" target=\"_blank\" href=\"https:\/\/www.tiktok.com\/tag\/silmarillion?refer=embed\">#silmarillion<\/a> <a title=\"hobbit\" target=\"_blank\" href=\"https:\/\/www.tiktok.com\/tag\/hobbit?refer=embed\">#hobbit<\/a> <a title=\"amoureux des livres\" target=\"_blank\" href=\"https:\/\/www.tiktok.com\/tag\/booklover?refer=embed\">#booklover<\/a> <a title=\"livre d&#039;amour\" target=\"_blank\" href=\"https:\/\/www.tiktok.com\/tag\/lovebook?refer=embed\">#lovebook<\/a> <a title=\"libraire\" target=\"_blank\" href=\"https:\/\/www.tiktok.com\/tag\/librero?refer=embed\">#librero<\/a> <a title=\"livres recommand\u00e9s\" target=\"_blank\" href=\"https:\/\/www.tiktok.com\/tag\/librosrecomendados?refer=embed\">#recommendedbooks<\/a> <a title=\"J&#039;aime lire\" target=\"_blank\" href=\"https:\/\/www.tiktok.com\/tag\/megustaleer?refer=embed\">#megustaleer<\/a> <a title=\"instalibro\" target=\"_blank\" href=\"https:\/\/www.tiktok.com\/tag\/instalibro?refer=embed\">#instalibro<\/a> <a title=\"librairie en ligne\" target=\"_blank\" href=\"https:\/\/www.tiktok.com\/tag\/libreriaonline?refer=embed\">#libreriaonline<\/a> <a title=\"ma d\u00e9pendance aux livres\" target=\"_blank\" href=\"https:\/\/www.tiktok.com\/tag\/librosmiadiccion?refer=embed\">#librosmiadiccion<\/a> <a title=\"lire, c&#039;est la vie\" target=\"_blank\" href=\"https:\/\/www.tiktok.com\/tag\/leeresvida?refer=embed\">#leeresvida<\/a> <a title=\"livresetplusdelivres\" target=\"_blank\" href=\"https:\/\/www.tiktok.com\/tag\/librosymaslibros?refer=embed\">#librosymaslibros<\/a> <a title=\"amoleer\" target=\"_blank\" href=\"https:\/\/www.tiktok.com\/tag\/amoleer?refer=embed\">#amol\u00e9er<\/a> <a title=\"livres \u00e0 vendre\" target=\"_blank\" href=\"https:\/\/www.tiktok.com\/tag\/librosenventa?refer=embed\">#livres\u00e0vendre<\/a> <a title=\"Tolkien\" target=\"_blank\" href=\"https:\/\/www.tiktok.com\/tag\/tolkien?refer=embed\">#tolkien<\/a> <a title=\"La Terre du Milieu\" target=\"_blank\" href=\"https:\/\/www.tiktok.com\/tag\/tierramedia?refer=embed\">#tierramedia<\/a> <a title=\"tarot\" target=\"_blank\" href=\"https:\/\/www.tiktok.com\/tag\/tarot?refer=embed\">#tarot<\/a> <a title=\"jeu de cartes \u2728\ud83e\uddd9\ud83c\udffd\u200d\u2642\ufe0f\" target=\"_blank\" href=\"https:\/\/www.tiktok.com\/tag\/baraja%E2%9C%A8%F0%9F%A7%99%F0%9F%8F%BD%E2%80%8D%E2%99%82%EF%B8%8F?refer=embed\">#baraja\u2728\ud83e\uddd9\ud83c\udffd\u200d\u2642\ufe0f<\/a> TROP BEAU \ud83d\udcab TAROT : LE SEIGNEUR DES ANNEAUX \ud83e\uddd9\ud83c\udffd\u200d\u2642\ufe0f \u2728\ufe0f . \ud83d\udc4ePRIX NORMAL : 125 soles \ud83d\udcabPRIX PROMOTIONNEL : 99 soles . \u2728D\u00c9TAILS \u2705\u00c9DITEUR : MINOTAURO \u2705\u00c9TAT : NEUF . \u2728R\u00c9SUM\u00c9 : \u26a1 Jeu de tarot officiel Tolkien. Explorez votre pass\u00e9, votre pr\u00e9sent et votre avenir avec ce jeu de tarot officiel aux illustrations sensationnelles inspir\u00e9es des romans embl\u00e9matiques du Seigneur des Anneaux. Ce jeu de tarot a \u00e9t\u00e9 dessin\u00e9 par Tom\u00e1s Hijo, illustrateur de renom qui a m\u00eame attir\u00e9 l&#039;attention \u00e0 Hollywood, puisqu&#039;il a illustr\u00e9 le jeu de tarot r\u00e9cemment apparu dans le film ' Nightmare Alley '. . <a title=\"fou de lecture\" target=\"_blank\" href=\"https:\/\/www.tiktok.com\/tag\/locosporlalectura?refer=embed\">#locosporlalectura<\/a>  <a title=\"llocosxllectura\" target=\"_blank\" href=\"https:\/\/www.tiktok.com\/tag\/llocosxllectura?refer=embed\">#llocosxllectura<\/a> <a title=\"lire, c&#039;est g\u00e9nial\" target=\"_blank\" href=\"https:\/\/www.tiktok.com\/tag\/leeresgenial?refer=embed\">#leeresgenial<\/a> <a title=\"booktok\" target=\"_blank\" href=\"https:\/\/www.tiktok.com\/tag\/booktok?refer=embed\">#booktok<\/a>   <a title=\"Le Silmarillion\" target=\"_blank\" href=\"https:\/\/www.tiktok.com\/tag\/thesilmarillion?refer=embed\">#thesilmarillion<\/a> <a title=\"hobbit\" target=\"_blank\" href=\"https:\/\/www.tiktok.com\/tag\/hobbit?refer=embed\">#hobbit<\/a> <a title=\"amoureux des livres\" target=\"_blank\" href=\"https:\/\/www.tiktok.com\/tag\/booklover?refer=embed\">#booklover<\/a> <a title=\"livre d&#039;amour\" target=\"_blank\" href=\"https:\/\/www.tiktok.com\/tag\/lovebook?refer=embed\">#lovebook<\/a> <a title=\"libraire\" target=\"_blank\" href=\"https:\/\/www.tiktok.com\/tag\/librero?refer=embed\">#librero<\/a> <a title=\"livres recommand\u00e9s\" target=\"_blank\" href=\"https:\/\/www.tiktok.com\/tag\/librosrecomendados?refer=embed\">#recommendedbooks<\/a> <a title=\"J&#039;aime lire\" target=\"_blank\" href=\"https:\/\/www.tiktok.com\/tag\/megustaleer?refer=embed\">#megustaleer<\/a> <a title=\"livres\" target=\"_blank\" href=\"https:\/\/www.tiktok.com\/tag\/books?refer=embed\">#livres<\/a>  <a title=\"s&#039;orienter\" target=\"_blank\" href=\"https:\/\/www.tiktok.com\/tag\/tendencia?refer=embed\">#rend<\/a> <a title=\"beau\" target=\"_blank\" href=\"https:\/\/www.tiktok.com\/tag\/hermoso?refer=embed\">#hermoso<\/a> <a title=\"viral\" target=\"_blank\" href=\"https:\/\/www.tiktok.com\/tag\/viral?refer=embed\">#viral<\/a> <a title=\"amoleer\" target=\"_blank\" href=\"https:\/\/www.tiktok.com\/tag\/amoleer?refer=embed\">#amol\u00e9er<\/a> <a title=\"livres \u00e0 vendre\" target=\"_blank\" href=\"https:\/\/www.tiktok.com\/tag\/librosenventa?refer=embed\">#livres\u00e0vendre<\/a> <a title=\"Tolkien\" target=\"_blank\" href=\"https:\/\/www.tiktok.com\/tag\/tolkien?refer=embed\">#tolkien<\/a> <a title=\"La Terre du Milieu\" target=\"_blank\" href=\"https:\/\/www.tiktok.com\/tag\/tierramedia?refer=embed\">#tierramedia<\/a> <a title=\"recommandation\" target=\"_blank\" href=\"https:\/\/www.tiktok.com\/tag\/recomendation?refer=embed\">Recommandation 1TP6<\/a>  <a title=\"tarot\" target=\"_blank\" href=\"https:\/\/www.tiktok.com\/tag\/tarot?refer=embed\">#tarot<\/a> <a title=\"pont\" target=\"_blank\" href=\"https:\/\/www.tiktok.com\/tag\/baraja?refer=embed\">#baraja<\/a> <a target=\"_blank\" title=\"\u266c Pi\u00e8ces (Version pour piano solo) - Danilo Stankovic\" href=\"https:\/\/www.tiktok.com\/music\/Pieces-Solo-Piano-Version-6777274113254754306?refer=embed\">\u266c Pi\u00e8ces (Version pour piano solo) \u2013 Danilo Stankovic<\/a> <\/section>\n<\/blockquote>\n<p> <script async src=\"https:\/\/www.tiktok.com\/embed.js\"><\/script><\/p>\n<p>Id\u00e9al pour les collectionneurs, les passionn\u00e9s de sagas et les explorateurs du tarot, ce jeu propose un voyage entre le spirituel et le fantastique. Parfait comme cadeau original, pour surprendre un destinataire de P\u00e8re No\u00ebl secret ou pour ajouter une touche l\u00e9gendaire \u00e0 votre collection, chez Wham! Vintage, nous le pr\u00e9sentons pour ce qu&#039;il est\u00a0: un objet culturel de caract\u00e8re, reliant la magie litt\u00e9raire \u00e0 la tradition \u00e9sot\u00e9rique.<\/p>\n<div><\/div>","protected":false},"excerpt":{"rendered":"<p>Un tarot \u00e9pico inspirado en <em>Le Seigneur des Anneaux<\/em>, editado por Minotauro. Una baraja \u00fanica que mezcla la tradici\u00f3n esot\u00e9rica con la magia de la Tierra Media.<\/p>","protected":false},"featured_media":13268,"template":"","meta":{"_acf_changed":false,"_relevanssi_hide_post":"","_relevanssi_pin_for_all":"","_relevanssi_pin_keywords":"","_relevanssi_unpin_keywords":"","_relevanssi_related_keywords":"","_relevanssi_related_include_ids":"","_relevanssi_related_exclude_ids":"","_relevanssi_related_no_append":"","_relevanssi_related_not_related":"","_relevanssi_related_posts":"37581,37629,37565,37575,37637,37661","_relevanssi_noindex_reason":""},"genero-musical":[],"product_brand":[1436],"product_cat":[1508,221],"product_tag":[1830,1237],"tematica":[4924],"class_list":{"0":"post-13267","1":"product","2":"type-product","3":"status-publish","4":"has-post-thumbnail","6":"product_brand-minotauro","7":"product_cat-libros-cofres-pack-estuches-regalo","8":"product_cat-naipes-y-juegos-de-cartas","9":"product_tag-tarot","10":"product_tag-varios-autores","11":"tematica-tarot","13":"first","14":"outofstock","15":"sold-individually","16":"purchasable","17":"product-type-simple"},"acf":[],"_links":{"self":[{"href":"https:\/\/wham-vintage.com\/fr\/wp-json\/wp\/v2\/product\/13267","targetHints":{"allow":["GET"]}}],"collection":[{"href":"https:\/\/wham-vintage.com\/fr\/wp-json\/wp\/v2\/product"}],"about":[{"href":"https:\/\/wham-vintage.com\/fr\/wp-json\/wp\/v2\/types\/product"}],"wp:featuredmedia":[{"embeddable":true,"href":"https:\/\/wham-vintage.com\/fr\/wp-json\/wp\/v2\/media\/13268"}],"wp:attachment":[{"href":"https:\/\/wham-vintage.com\/fr\/wp-json\/wp\/v2\/media?parent=13267"}],"wp:term":[{"taxonomy":"genero-musical","embeddable":true,"href":"https:\/\/wham-vintage.com\/fr\/wp-json\/wp\/v2\/genero-musical?post=13267"},{"taxonomy":"product_brand","embeddable":true,"href":"https:\/\/wham-vintage.com\/fr\/wp-json\/wp\/v2\/product_brand?post=13267"},{"taxonomy":"product_cat","embeddable":true,"href":"https:\/\/wham-vintage.com\/fr\/wp-json\/wp\/v2\/product_cat?post=13267"},{"taxonomy":"product_tag","embeddable":true,"href":"https:\/\/wham-vintage.com\/fr\/wp-json\/wp\/v2\/product_tag?post=13267"},{"taxonomy":"tematica","embeddable":true,"href":"https:\/\/wham-vintage.com\/fr\/wp-json\/wp\/v2\/tematica?post=13267"}],"curies":[{"name":"wp","href":"https:\/\/api.w.org\/{rel}","templated":true}]}}