{"id":13867,"date":"2025-10-12T13:35:49","date_gmt":"2025-10-12T13:35:49","guid":{"rendered":"https:\/\/wham-vintage.com\/the-horus-heresy-52-heraldos-del-asedio-aavv\/"},"modified":"2026-02-13T15:45:31","modified_gmt":"2026-02-13T14:45:31","slug":"lheresie-dhorus-52-herauts-du-siege-aavv","status":"publish","type":"product","link":"https:\/\/wham-vintage.com\/fr\/lheresie-dhorus-52-herauts-du-siege-aavv\/","title":{"rendered":"L&#039;H\u00c9R\u00c9SIE D&#039;HORUS 52 H\u00c9RAUTS DU SI\u00c8GE \u2013 AA,VV,"},"content":{"rendered":"","protected":false},"excerpt":{"rendered":"","protected":false},"featured_media":13868,"template":"","meta":{"_acf_changed":false,"_relevanssi_hide_post":"","_relevanssi_pin_for_all":"","_relevanssi_pin_keywords":"","_relevanssi_unpin_keywords":"","_relevanssi_related_keywords":"","_relevanssi_related_include_ids":"","_relevanssi_related_exclude_ids":"","_relevanssi_related_no_append":"","_relevanssi_related_not_related":"","_relevanssi_related_posts":"39440,17435,37581,37629,37565,37637","_relevanssi_noindex_reason":""},"genero-musical":[],"product_brand":[],"product_cat":[],"product_tag":[7159,7160],"tematica":[968],"class_list":{"0":"post-13867","1":"product","2":"type-product","3":"status-publish","4":"has-post-thumbnail","6":"product_tag-herejia-de-horus","7":"product_tag-warhammer-4k","8":"tematica-terror","10":"first","11":"onbackorder","12":"sold-individually","13":"purchasable","14":"product-type-simple"},"acf":[],"_links":{"self":[{"href":"https:\/\/wham-vintage.com\/fr\/wp-json\/wp\/v2\/product\/13867","targetHints":{"allow":["GET"]}}],"collection":[{"href":"https:\/\/wham-vintage.com\/fr\/wp-json\/wp\/v2\/product"}],"about":[{"href":"https:\/\/wham-vintage.com\/fr\/wp-json\/wp\/v2\/types\/product"}],"wp:featuredmedia":[{"embeddable":true,"href":"https:\/\/wham-vintage.com\/fr\/wp-json\/wp\/v2\/media\/13868"}],"wp:attachment":[{"href":"https:\/\/wham-vintage.com\/fr\/wp-json\/wp\/v2\/media?parent=13867"}],"wp:term":[{"taxonomy":"genero-musical","embeddable":true,"href":"https:\/\/wham-vintage.com\/fr\/wp-json\/wp\/v2\/genero-musical?post=13867"},{"taxonomy":"product_brand","embeddable":true,"href":"https:\/\/wham-vintage.com\/fr\/wp-json\/wp\/v2\/product_brand?post=13867"},{"taxonomy":"product_cat","embeddable":true,"href":"https:\/\/wham-vintage.com\/fr\/wp-json\/wp\/v2\/product_cat?post=13867"},{"taxonomy":"product_tag","embeddable":true,"href":"https:\/\/wham-vintage.com\/fr\/wp-json\/wp\/v2\/product_tag?post=13867"},{"taxonomy":"tematica","embeddable":true,"href":"https:\/\/wham-vintage.com\/fr\/wp-json\/wp\/v2\/tematica?post=13867"}],"curies":[{"name":"wp","href":"https:\/\/api.w.org\/{rel}","templated":true}]}}