{"id":15452,"date":"2025-11-01T11:15:01","date_gmt":"2025-11-01T11:15:01","guid":{"rendered":"https:\/\/wham-vintage.com\/?post_type=product&#038;p=15452"},"modified":"2025-11-11T17:16:48","modified_gmt":"2025-11-11T17:16:48","slug":"patti-smith-radio-ethiopia-disco-vinilo-lp-rock","status":"publish","type":"product","link":"https:\/\/wham-vintage.com\/fr\/patti-smith-radio-ethiopia-disco-vinilo-lp-rock\/","title":{"rendered":"Patti Smith &#8211; RADIO ETHIOPIA &#8211; Disco Vinilo LP Rock"},"content":{"rendered":"<p>&#8216;RADIO ETHIOPIA&#8217; de Patti Smith es un LP que mezcla rebeld\u00eda, poes\u00eda y crudeza. Un cl\u00e1sico del proto-punk.<\/p>","protected":false},"excerpt":{"rendered":"<p>Poes\u00eda punk en estado puro<\/p>","protected":false},"featured_media":15958,"template":"","meta":{"_acf_changed":false,"_relevanssi_hide_post":"","_relevanssi_pin_for_all":"","_relevanssi_pin_keywords":"","_relevanssi_unpin_keywords":"","_relevanssi_related_keywords":"","_relevanssi_related_include_ids":"","_relevanssi_related_exclude_ids":"","_relevanssi_related_no_append":"","_relevanssi_related_not_related":"","_relevanssi_related_posts":"40415,32560,17435,22626,55601,15448","_relevanssi_noindex_reason":""},"genero-musical":[],"product_brand":[],"product_cat":[],"product_tag":[],"tematica":[],"class_list":{"0":"post-15452","1":"product","2":"type-product","3":"status-publish","4":"has-post-thumbnail","7":"first","8":"onbackorder","9":"sold-individually","10":"purchasable","11":"product-type-simple"},"acf":[],"_links":{"self":[{"href":"https:\/\/wham-vintage.com\/fr\/wp-json\/wp\/v2\/product\/15452","targetHints":{"allow":["GET"]}}],"collection":[{"href":"https:\/\/wham-vintage.com\/fr\/wp-json\/wp\/v2\/product"}],"about":[{"href":"https:\/\/wham-vintage.com\/fr\/wp-json\/wp\/v2\/types\/product"}],"wp:featuredmedia":[{"embeddable":true,"href":"https:\/\/wham-vintage.com\/fr\/wp-json\/wp\/v2\/media\/15958"}],"wp:attachment":[{"href":"https:\/\/wham-vintage.com\/fr\/wp-json\/wp\/v2\/media?parent=15452"}],"wp:term":[{"taxonomy":"genero-musical","embeddable":true,"href":"https:\/\/wham-vintage.com\/fr\/wp-json\/wp\/v2\/genero-musical?post=15452"},{"taxonomy":"product_brand","embeddable":true,"href":"https:\/\/wham-vintage.com\/fr\/wp-json\/wp\/v2\/product_brand?post=15452"},{"taxonomy":"product_cat","embeddable":true,"href":"https:\/\/wham-vintage.com\/fr\/wp-json\/wp\/v2\/product_cat?post=15452"},{"taxonomy":"product_tag","embeddable":true,"href":"https:\/\/wham-vintage.com\/fr\/wp-json\/wp\/v2\/product_tag?post=15452"},{"taxonomy":"tematica","embeddable":true,"href":"https:\/\/wham-vintage.com\/fr\/wp-json\/wp\/v2\/tematica?post=15452"}],"curies":[{"name":"wp","href":"https:\/\/api.w.org\/{rel}","templated":true}]}}