{"id":16040,"date":"2025-11-12T19:31:18","date_gmt":"2025-11-12T19:31:18","guid":{"rendered":"https:\/\/wham-vintage.com\/?post_type=product&#038;p=16040"},"modified":"2025-11-13T18:43:52","modified_gmt":"2025-11-13T18:43:52","slug":"disque-vinyle-lp-stateless-angelus-aftermath","status":"publish","type":"product","link":"https:\/\/wham-vintage.com\/fr\/disque-vinyle-lp-stateless-angelus-aftermath\/","title":{"rendered":"Stateless Angelus \u2013 Aftermath LP Vinyle"},"content":{"rendered":"<div><\/div>\n<div class=\"blkIzq\"><img decoding=\"async\" class=\"caratula alignright\" title=\"angelus apatrida_aftermath.jpg\" src=\"https:\/\/www.discopunt.es\/img\/cover\/angelus apatrida_aftermath.jpg\" alt=\"angelus apatrida_aftermath.jpg\" \/><\/div>\n<div class=\"blkDrc\">La banda l\u00edder espa\u00f1ola de Thrash Metal, ANGELUS APATRIDA, regresa con su octavo \u00e1lbum de estudio, \u201cAftermath\u201d.<\/p>\n<p>Sin duda el disco m\u00e1s sentido y poderoso de la ilustre historia de ANGELUS APATRIDA, pero tambi\u00e9n es uno de los m\u00e1s pesados \u200b\u200by directos. Sucede al \u00e1lbum hom\u00f3nimo de 2021, que conquist\u00f3 lo m\u00e1s alto de las listas oficiales de \u00e1lbumes en Espa\u00f1a en el puesto 1 y marc\u00f3 las primeras entradas de la banda en las listas de Alemania en el puesto 49 y en Suiza en el puesto 41.<\/p>\n<p>\u201cAftermath\u201d contiene 10 intensos y Nuevas canciones vers\u00e1tiles mezcladas y masterizadas por Zeuss (Rob Zombie, Overkill, Hatebreed) y viene con ilustraciones de Gyula Havancs\u00e1k (Annihilator, Destruction, Stratovarius).<\/p>\n<p>Cuenta con apariciones especiales de Jamey Jasta (Hatebreed, voz), Pablo Garc\u00eda (Warcry, guitarras), Todd La Torre (Queensr\u00ffche, voz), as\u00ed como la estrella del rap espa\u00f1ol Sho-Hai y est\u00e1 disponible como Ltd. CD Jewelcase en O-Card con dos nuevos bonus tracks en vivo o en 180g. LP de vinilo<\/p><\/div>\n<div class=\"blkDrc\">\n<h3>\u00b7 Contenu:<\/h3>\n<p>01. Scavenger<br \/>\n02. Cold<br \/>\n03. Snob (Feat. Jamey Jasta)<br \/>\n04. Fire Eyes (Feat. Pablo Garcia)<br \/>\n05. Rats<br \/>\n06. To Whom It May Concern<br \/>\n07. Gernika<br \/>\n08. I Am Hatred<br \/>\n09. What Kills Us All (Feat. Sho-Hai)<br \/>\n10. Vultures and Butterflies (Feat. Todd La Torre)<\/p><\/div>\n<p>&nbsp;<\/p>","protected":false},"excerpt":{"rendered":"<p>La banda l\u00edder espa\u00f1ola de Thrash Metal, ANGELUS APATRIDA, regresa con su octavo \u00e1lbum de estudio, \u201cAftermath\u201d. Sin duda el disco m\u00e1s sentido y poderoso de la ilustre historia de ANGELUS APATRIDA, pero tambi\u00e9n es uno de los m\u00e1s pesados \u200b\u200by directos. Sucede al \u00e1lbum hom\u00f3nimo de 2021, que conquist\u00f3 lo m\u00e1s alto de las listas oficiales de \u00e1lbumes en Espa\u00f1a en el puesto 1 y marc\u00f3 las primeras entradas de la banda en las listas de Alemania en el puesto 49 y en Suiza en el puesto 41.<\/p>","protected":false},"featured_media":16041,"template":"","meta":{"_acf_changed":false,"_relevanssi_hide_post":"","_relevanssi_pin_for_all":"","_relevanssi_pin_keywords":"","_relevanssi_unpin_keywords":"","_relevanssi_related_keywords":"","_relevanssi_related_include_ids":"","_relevanssi_related_exclude_ids":"","_relevanssi_related_no_append":"","_relevanssi_related_not_related":"","_relevanssi_related_posts":"40415,15463,39219,17577,17287,18715","_relevanssi_noindex_reason":""},"genero-musical":[1655],"product_brand":[],"product_cat":[],"product_tag":[],"tematica":[],"class_list":{"0":"post-16040","1":"product","2":"type-product","3":"status-publish","4":"has-post-thumbnail","6":"genero-musical-metalcore","8":"first","9":"onbackorder","10":"sale","11":"featured","12":"sold-individually","13":"purchasable","14":"product-type-simple"},"acf":[],"_links":{"self":[{"href":"https:\/\/wham-vintage.com\/fr\/wp-json\/wp\/v2\/product\/16040","targetHints":{"allow":["GET"]}}],"collection":[{"href":"https:\/\/wham-vintage.com\/fr\/wp-json\/wp\/v2\/product"}],"about":[{"href":"https:\/\/wham-vintage.com\/fr\/wp-json\/wp\/v2\/types\/product"}],"wp:featuredmedia":[{"embeddable":true,"href":"https:\/\/wham-vintage.com\/fr\/wp-json\/wp\/v2\/media\/16041"}],"wp:attachment":[{"href":"https:\/\/wham-vintage.com\/fr\/wp-json\/wp\/v2\/media?parent=16040"}],"wp:term":[{"taxonomy":"genero-musical","embeddable":true,"href":"https:\/\/wham-vintage.com\/fr\/wp-json\/wp\/v2\/genero-musical?post=16040"},{"taxonomy":"product_brand","embeddable":true,"href":"https:\/\/wham-vintage.com\/fr\/wp-json\/wp\/v2\/product_brand?post=16040"},{"taxonomy":"product_cat","embeddable":true,"href":"https:\/\/wham-vintage.com\/fr\/wp-json\/wp\/v2\/product_cat?post=16040"},{"taxonomy":"product_tag","embeddable":true,"href":"https:\/\/wham-vintage.com\/fr\/wp-json\/wp\/v2\/product_tag?post=16040"},{"taxonomy":"tematica","embeddable":true,"href":"https:\/\/wham-vintage.com\/fr\/wp-json\/wp\/v2\/tematica?post=16040"}],"curies":[{"name":"wp","href":"https:\/\/api.w.org\/{rel}","templated":true}]}}