{"id":17060,"date":"2025-11-21T16:28:53","date_gmt":"2025-11-21T16:28:53","guid":{"rendered":"https:\/\/wham-vintage.com\/?post_type=product&#038;p=17060"},"modified":"2025-11-21T16:33:44","modified_gmt":"2025-11-21T16:33:44","slug":"aitana-alpha-disco-vinilo-azul","status":"publish","type":"product","link":"https:\/\/wham-vintage.com\/fr\/aitana-alpha-disco-vinilo-azul\/","title":{"rendered":"AITANA \u2013 Disque vinyle bleu ALPHA"},"content":{"rendered":"<div><\/div>\n<div class=\"blkIzq\"><img decoding=\"async\" class=\"caratula\" title=\"aitana_alpha lp azul.jpg\" src=\"https:\/\/www.discopunt.es\/img\/cover\/aitana_alpha lp azul.jpg\" alt=\"aitana_alpha lp azul.jpg\" \/><br \/>\nEsta nueva etapa muestra a Aitana dentro de una faceta que hasta ahora no hab\u00eda mostrado, m\u00e1s alejada del pop tradicional.<\/p>\n<p>La figura m\u00e1s importante del pop en Espa\u00f1a, que siempre ha seguido una l\u00ednea clara, arm\u00f3nica y definida en sus discos, reconoce que Alpha es un \u00e1lbum conceptual, en el que lo m\u00e1s importante es la apuesta por la diversi\u00f3n, por pasarlo bien y disfrutar de los amigos.<\/p>\n<p>En este sentido, Alpha representa un inicio, tal y como aparece en el abecedario griego.<\/p>\n<p>Alpha es el catalizador de una comunidad que busca transformar el mundo. No es solo un \u00e1lbum, es la uni\u00f3n de ideales de todos aquellos qui\u00e9nes buscan un nuevo futuro.<\/p>\n<p>Alpha representa el cambio de paradigma en las connotaciones negativas impuestas sobre el sexo, las relaciones f\u00edsicas y el amor.<\/p>\n<p>Las bases electr\u00f3nicas, con ritmos liberadores y estimulantes, y puestas en escena representativas, desmontan los prejuicios y concepciones sobre nuestros actos m\u00e1s instintivos y pasionales, ense\u00f1\u00e1ndonos la diversidad y riqueza de la espontaneidad.<\/p>\n<p>Alpha es un espacio seguro para aquellos que buscan unirse a una comunidad que se apoya mutuamente.<\/p>\n<p>Una de las artistas m\u00e1s importantes de nuestro pa\u00eds vuelve a sorprendernos con un proyecto en el que los valores y la m\u00fasica son capaces de mover a toda una generaci\u00f3n.<\/p><\/div>\n<div class=\"blkDrc\">\n<h3>\u00b7 Contenu:<\/h3>\n<p>A<\/p>\n<p>00:01:021. Alpha09<br \/>\n00:02:382. Los \u00c1ngeles<br \/>\n00:02:333. Las Babys<br \/>\n00:02:504. Darar\u00ed<br \/>\n00:03:015. AQYNE<br \/>\n00:02:476. Ella Bailaba<br \/>\n00:01:357. Otra Noche Sin Ti<br \/>\n00:03:008. The Killers<\/p>\n<p>B<\/p>\n<p>00:02:391. miamor<br \/>\n00:03:462. Luna<br \/>\n00:03:263. Formentera<br \/>\n00:03:004. 2 Extra\u00f1os<br \/>\n00:02:485. 24 Rosas<br \/>\n00:02:056. En El Coche<br \/>\n00:02:137. Pensando En Ti<\/p><\/div>","protected":false},"excerpt":{"rendered":"<p>Aitana vuelve con m\u00e1s fuerza que nunca con Alpha, su tercer \u00e1lbum de estudio.<\/p>\n<p>Este nuevo trabajo, con el que da continuidad a sus &#8217;11 razones&#8217; (2020), pertenece al proyecto \u00abalpha era\u00bb, una nueva \u00e9poca en la que los ritmos house y la electr\u00f3nica estar\u00e1n muy presentes.<\/p>","protected":false},"featured_media":17061,"template":"","meta":{"_acf_changed":false,"_relevanssi_hide_post":"","_relevanssi_pin_for_all":"","_relevanssi_pin_keywords":"","_relevanssi_unpin_keywords":"","_relevanssi_related_keywords":"","_relevanssi_related_include_ids":"","_relevanssi_related_exclude_ids":"","_relevanssi_related_no_append":"","_relevanssi_related_not_related":"","_relevanssi_related_posts":"17435,16576,40415,22626,32137,32560","_relevanssi_noindex_reason":""},"genero-musical":[1549,1553],"product_brand":[],"product_cat":[],"product_tag":[],"tematica":[],"class_list":{"0":"post-17060","1":"product","2":"type-product","3":"status-publish","4":"has-post-thumbnail","6":"genero-musical-lp-pop","7":"genero-musical-lp-pop-rock","9":"first","10":"onbackorder","11":"sale","12":"featured","13":"sold-individually","14":"purchasable","15":"product-type-simple"},"acf":[],"_links":{"self":[{"href":"https:\/\/wham-vintage.com\/fr\/wp-json\/wp\/v2\/product\/17060","targetHints":{"allow":["GET"]}}],"collection":[{"href":"https:\/\/wham-vintage.com\/fr\/wp-json\/wp\/v2\/product"}],"about":[{"href":"https:\/\/wham-vintage.com\/fr\/wp-json\/wp\/v2\/types\/product"}],"wp:featuredmedia":[{"embeddable":true,"href":"https:\/\/wham-vintage.com\/fr\/wp-json\/wp\/v2\/media\/17061"}],"wp:attachment":[{"href":"https:\/\/wham-vintage.com\/fr\/wp-json\/wp\/v2\/media?parent=17060"}],"wp:term":[{"taxonomy":"genero-musical","embeddable":true,"href":"https:\/\/wham-vintage.com\/fr\/wp-json\/wp\/v2\/genero-musical?post=17060"},{"taxonomy":"product_brand","embeddable":true,"href":"https:\/\/wham-vintage.com\/fr\/wp-json\/wp\/v2\/product_brand?post=17060"},{"taxonomy":"product_cat","embeddable":true,"href":"https:\/\/wham-vintage.com\/fr\/wp-json\/wp\/v2\/product_cat?post=17060"},{"taxonomy":"product_tag","embeddable":true,"href":"https:\/\/wham-vintage.com\/fr\/wp-json\/wp\/v2\/product_tag?post=17060"},{"taxonomy":"tematica","embeddable":true,"href":"https:\/\/wham-vintage.com\/fr\/wp-json\/wp\/v2\/tematica?post=17060"}],"curies":[{"name":"wp","href":"https:\/\/api.w.org\/{rel}","templated":true}]}}