{"id":18744,"date":"2025-12-06T13:28:38","date_gmt":"2025-12-06T12:28:38","guid":{"rendered":"https:\/\/wham-vintage.com\/?post_type=product&#038;p=18744"},"modified":"2025-12-09T18:13:19","modified_gmt":"2025-12-09T17:13:19","slug":"pink-floyd-the-dark-side-of-the-moon-edicion-vinilo-lp-remasterizado-50-aniversario","status":"publish","type":"product","link":"https:\/\/wham-vintage.com\/fr\/pink-floyd-the-dark-side-of-the-moon-edicion-vinilo-lp-remasterizado-50-aniversario\/","title":{"rendered":"PINK FLOYD &#8211; THE DARK SIDE OF THE MOON Edici\u00f3n Vinilo LP Remasterizado 50 aniversario"},"content":{"rendered":"<div class=\"blkDrc\">The Dark Side Of The Moon es el octavo \u00e1lbum de estudio de Pink Floyd, publicado originalmente en marzo de 1973.<\/p>\n<p>El nuevo material se grab\u00f3 en 1972 y 1973 en los estudios EMI (ahora Abbey Road Studios) de Londres.<\/p>\n<p>La ic\u00f3nica portada, que representa un espectro prism\u00e1tico, fue dise\u00f1ada por Storm Thorgerson de Hipgnosis y dibujada por George Hardie. The Dark Side Of The Moon ha vendido m\u00e1s de 50 millones de copias en todo el mundo.<\/p><\/div>","protected":false},"excerpt":{"rendered":"<p>The Dark Side Of The Moon de Pink Floyd &#8211; Uno de los \u00e1lbumes m\u00e1s ic\u00f3nicos e influyentes de la historia, celebra su 50 aniversario.<\/p>\n<p>El \u00e1lbum se desarroll\u00f3 en parte durante actuaciones en directo, y la banda estren\u00f3 una primera versi\u00f3n en el Rainbow Theatre de Londres varios meses antes de que comenzara la grabaci\u00f3n.<\/p>","protected":false},"featured_media":18745,"template":"","meta":{"_acf_changed":false,"_relevanssi_hide_post":"","_relevanssi_pin_for_all":"","_relevanssi_pin_keywords":"","_relevanssi_unpin_keywords":"","_relevanssi_related_keywords":"","_relevanssi_related_include_ids":"","_relevanssi_related_exclude_ids":"","_relevanssi_related_no_append":"","_relevanssi_related_not_related":"","_relevanssi_related_posts":"17435,39440,37661,37685,37703,37597","_relevanssi_noindex_reason":""},"genero-musical":[1553,1664],"product_brand":[],"product_cat":[],"product_tag":[],"tematica":[],"class_list":{"0":"post-18744","1":"product","2":"type-product","3":"status-publish","4":"has-post-thumbnail","6":"genero-musical-lp-pop-rock","7":"genero-musical-rock-alternativo","9":"first","10":"onbackorder","11":"sale","12":"featured","13":"sold-individually","14":"purchasable","15":"product-type-simple"},"acf":[],"_links":{"self":[{"href":"https:\/\/wham-vintage.com\/fr\/wp-json\/wp\/v2\/product\/18744","targetHints":{"allow":["GET"]}}],"collection":[{"href":"https:\/\/wham-vintage.com\/fr\/wp-json\/wp\/v2\/product"}],"about":[{"href":"https:\/\/wham-vintage.com\/fr\/wp-json\/wp\/v2\/types\/product"}],"wp:featuredmedia":[{"embeddable":true,"href":"https:\/\/wham-vintage.com\/fr\/wp-json\/wp\/v2\/media\/18745"}],"wp:attachment":[{"href":"https:\/\/wham-vintage.com\/fr\/wp-json\/wp\/v2\/media?parent=18744"}],"wp:term":[{"taxonomy":"genero-musical","embeddable":true,"href":"https:\/\/wham-vintage.com\/fr\/wp-json\/wp\/v2\/genero-musical?post=18744"},{"taxonomy":"product_brand","embeddable":true,"href":"https:\/\/wham-vintage.com\/fr\/wp-json\/wp\/v2\/product_brand?post=18744"},{"taxonomy":"product_cat","embeddable":true,"href":"https:\/\/wham-vintage.com\/fr\/wp-json\/wp\/v2\/product_cat?post=18744"},{"taxonomy":"product_tag","embeddable":true,"href":"https:\/\/wham-vintage.com\/fr\/wp-json\/wp\/v2\/product_tag?post=18744"},{"taxonomy":"tematica","embeddable":true,"href":"https:\/\/wham-vintage.com\/fr\/wp-json\/wp\/v2\/tematica?post=18744"}],"curies":[{"name":"wp","href":"https:\/\/api.w.org\/{rel}","templated":true}]}}