{"id":22011,"date":"2025-12-31T14:22:22","date_gmt":"2025-12-31T13:22:22","guid":{"rendered":"https:\/\/wham-vintage.com\/?post_type=product&#038;p=22011"},"modified":"2026-02-12T11:11:00","modified_gmt":"2026-02-12T10:11:00","slug":"mariah-carey-merry-christmas-disque-vinyle-lp-zootropico-picture-disc","status":"publish","type":"product","link":"https:\/\/wham-vintage.com\/fr\/mariah-carey-merry-christmas-disque-vinyle-lp-zootropico-picture-disc\/","title":{"rendered":"MARIAH CAREY \u2013 Merry Christmas Vinyle LP ZOOTROPICO PICTURE DISC"},"content":{"rendered":"<div class=\"blkIzq\"><img decoding=\"async\" class=\"caratula\" title=\"Carey Mariah_Joyeux No\u00ebl 30e anniversaire LP Zootrope.jpg\" src=\"https:\/\/www.discopunt.es\/img\/cover\/carey mariah_merry christmas 30th anniversary lp zoetrope.jpg\" alt=\"Carey Mariah_Joyeux No\u00ebl 30e anniversaire LP Zootrope.jpg\" \/><\/div>\n<div class=\"blkDrc\">C\u00e9l\u00e9brez le 30e anniversaire de l&#039;album intemporel de Mariah Carey, Merry Christmas, avec une \u00e9dition limit\u00e9e en vinyle zootrope.<\/p>\n<p>Elle comprend tous les tubes des f\u00eates, tels que \u00ab All I Want For Christmas Is You \u00bb, \u2018 Christmas (Baby Please Come Home) \u2019, \u2018 Joy To The World \u2019 et bien d&#039;autres.<\/p><\/div>\n<div># Picturedisc<\/div>\n<div>#zootropie #vinyle #<\/div>\n<div class=\"blkDrc\">\n<h3>\u00b7 Contenu:<\/h3>\n<p>Douce nuit<br \/>\nTout ce que je veux pour No\u00ebl, c&#039;est toi<br \/>\n\u00d4 Sainte Nuit<br \/>\nNo\u00ebl (B\u00e9b\u00e9, rentre \u00e0 la maison)<br \/>\nTu me manques \u00e9norm\u00e9ment (\u00e0 No\u00ebl)<br \/>\nJoie au monde<br \/>\nJ\u00e9sus est n\u00e9 ce jour-l\u00e0<br \/>\nLe P\u00e8re No\u00ebl arrive en ville<br \/>\n\u00c9coutez ! The Herald Angels Sing \/ Gloria (In Excelsis Deo)<br \/>\nJ\u00e9sus, oh quel enfant merveilleux<br \/>\nGod Rest Ye Mermen, Messieurs<\/p><\/div>","protected":false},"excerpt":{"rendered":"<p>INCROYABLE ! \u00c9dition sp\u00e9ciale ultra-limit\u00e9e du l\u00e9gendaire album Merry Christmas de Mariah Carey, Zootropica, en picture disc ! \u00c0 CHAQUE TOUR, CE SONT DES IMAGES ET UN CLIP VID\u00c9O ! #zootropia<\/p>","protected":false},"featured_media":22012,"template":"","meta":{"_acf_changed":false,"_relevanssi_hide_post":"","_relevanssi_pin_for_all":"","_relevanssi_pin_keywords":"","_relevanssi_unpin_keywords":"","_relevanssi_related_keywords":"","_relevanssi_related_include_ids":"","_relevanssi_related_exclude_ids":"","_relevanssi_related_no_append":"","_relevanssi_related_not_related":"","_relevanssi_related_posts":"17435,40415,22626,32137,32560,38850","_relevanssi_noindex_reason":""},"genero-musical":[1549,1553,3504],"product_brand":[],"product_cat":[],"product_tag":[],"tematica":[],"class_list":{"0":"post-22011","1":"product","2":"type-product","3":"status-publish","4":"has-post-thumbnail","6":"genero-musical-lp-pop","7":"genero-musical-lp-pop-rock","8":"genero-musical-lp-zootropia","10":"first","11":"onbackorder","12":"sale","13":"featured","14":"sold-individually","15":"purchasable","16":"product-type-simple"},"acf":[],"_links":{"self":[{"href":"https:\/\/wham-vintage.com\/fr\/wp-json\/wp\/v2\/product\/22011","targetHints":{"allow":["GET"]}}],"collection":[{"href":"https:\/\/wham-vintage.com\/fr\/wp-json\/wp\/v2\/product"}],"about":[{"href":"https:\/\/wham-vintage.com\/fr\/wp-json\/wp\/v2\/types\/product"}],"wp:featuredmedia":[{"embeddable":true,"href":"https:\/\/wham-vintage.com\/fr\/wp-json\/wp\/v2\/media\/22012"}],"wp:attachment":[{"href":"https:\/\/wham-vintage.com\/fr\/wp-json\/wp\/v2\/media?parent=22011"}],"wp:term":[{"taxonomy":"genero-musical","embeddable":true,"href":"https:\/\/wham-vintage.com\/fr\/wp-json\/wp\/v2\/genero-musical?post=22011"},{"taxonomy":"product_brand","embeddable":true,"href":"https:\/\/wham-vintage.com\/fr\/wp-json\/wp\/v2\/product_brand?post=22011"},{"taxonomy":"product_cat","embeddable":true,"href":"https:\/\/wham-vintage.com\/fr\/wp-json\/wp\/v2\/product_cat?post=22011"},{"taxonomy":"product_tag","embeddable":true,"href":"https:\/\/wham-vintage.com\/fr\/wp-json\/wp\/v2\/product_tag?post=22011"},{"taxonomy":"tematica","embeddable":true,"href":"https:\/\/wham-vintage.com\/fr\/wp-json\/wp\/v2\/tematica?post=22011"}],"curies":[{"name":"wp","href":"https:\/\/api.w.org\/{rel}","templated":true}]}}