{"id":29423,"date":"2026-01-09T11:53:01","date_gmt":"2026-01-09T10:53:01","guid":{"rendered":"https:\/\/wham-vintage.com\/muneco-ken-dia-en-la-playa-barbie\/"},"modified":"2026-01-09T11:53:12","modified_gmt":"2026-01-09T10:53:12","slug":"muneco-ken-dia-en-la-playa-barbie","status":"publish","type":"product","link":"https:\/\/wham-vintage.com\/fr\/muneco-ken-dia-en-la-playa-barbie\/","title":{"rendered":"Ken Doll Journ\u00e9e \u00e0 la plage Barbie"},"content":{"rendered":"<p>LANCEMENT<\/p>\n<p>Edad: +3-4 a\u00f1os. Tama\u00f1o: 12,2&#215;32,5&#215;15,2cm. Incluye 1 mu\u00f1eco Ken con ropa, 1 par de sandalias, 1 visera, 1 pelota de playa y accesorios peque\u00f1os variados. El mu\u00f1eco no puede tenerse en pie por s\u00ed solo. Los colores y la decoraci\u00f3n pueden variar. Rel\u00e1jate en la playa con este mu\u00f1eco Ken de Barbie. Su genial traje de ba\u00f1o y accesorios tem\u00e1ticos inspirar\u00e1n a ni\u00f1os y ni\u00f1as a so\u00f1ar con todo tipo de historias veraniegas bajo el sol. El mu\u00f1eco Ken lleva una camisa de cuadros azules y blancos con botones combinada con un ba\u00f1ador azul. Sus chanclas azules brillantes incluyen un detalle del logotipo de Ken. Los accesorios adicionales incluyen una visera, gafas de sol, un reloj, una toalla, una botella de agua, un protector solar y un smartphone.La pelota de playa es perfecta para jugar con sus amigos, mientras que el cono de helado se engancha a su mano para posar de forma realista. El mu\u00f1eco Ken con tem\u00e1tica playera es un regalo precioso para todos los amantes del mar y de la moda. Descubre otros mu\u00f1ecos, juguetes y conjuntos de Barbie para obtener m\u00e1s ideas de regalos divertidos. Se venden por separado y est\u00e1n sujetos a disponibilidad. ADVERTENCIA: No conviene para ni\u00f1os menores de 36 meses.<\/p>\n<p>COMMANDE MINIMALE : 1<\/p>\n<p>2026-02-26<\/p>\n<p>STOCK DE LOISIRS : 0 IL Y EN A 0<\/p>","protected":false},"excerpt":{"rendered":"<p>https:\/\/www.ociostock.com\/productos\/imagenes\/img_343385_6521b95b2f4c4d8bbb91b738b863c30d_1.jpg<\/p>","protected":false},"featured_media":0,"template":"","meta":{"_acf_changed":false,"_relevanssi_hide_post":"","_relevanssi_pin_for_all":"","_relevanssi_pin_keywords":"","_relevanssi_unpin_keywords":"","_relevanssi_related_keywords":"","_relevanssi_related_include_ids":"","_relevanssi_related_exclude_ids":"","_relevanssi_related_no_append":"","_relevanssi_related_not_related":"","_relevanssi_related_posts":"29437,29420,29422,29450,29448,29469","_relevanssi_noindex_reason":""},"genero-musical":[],"product_brand":[],"product_cat":[],"product_tag":[],"tematica":[],"class_list":{"0":"post-29423","1":"product","2":"type-product","3":"status-publish","6":"first","7":"onbackorder","8":"sold-individually","9":"purchasable","10":"product-type-simple"},"acf":[],"_links":{"self":[{"href":"https:\/\/wham-vintage.com\/fr\/wp-json\/wp\/v2\/product\/29423","targetHints":{"allow":["GET"]}}],"collection":[{"href":"https:\/\/wham-vintage.com\/fr\/wp-json\/wp\/v2\/product"}],"about":[{"href":"https:\/\/wham-vintage.com\/fr\/wp-json\/wp\/v2\/types\/product"}],"wp:attachment":[{"href":"https:\/\/wham-vintage.com\/fr\/wp-json\/wp\/v2\/media?parent=29423"}],"wp:term":[{"taxonomy":"genero-musical","embeddable":true,"href":"https:\/\/wham-vintage.com\/fr\/wp-json\/wp\/v2\/genero-musical?post=29423"},{"taxonomy":"product_brand","embeddable":true,"href":"https:\/\/wham-vintage.com\/fr\/wp-json\/wp\/v2\/product_brand?post=29423"},{"taxonomy":"product_cat","embeddable":true,"href":"https:\/\/wham-vintage.com\/fr\/wp-json\/wp\/v2\/product_cat?post=29423"},{"taxonomy":"product_tag","embeddable":true,"href":"https:\/\/wham-vintage.com\/fr\/wp-json\/wp\/v2\/product_tag?post=29423"},{"taxonomy":"tematica","embeddable":true,"href":"https:\/\/wham-vintage.com\/fr\/wp-json\/wp\/v2\/tematica?post=29423"}],"curies":[{"name":"wp","href":"https:\/\/api.w.org\/{rel}","templated":true}]}}