{"id":29424,"date":"2026-01-09T11:53:01","date_gmt":"2026-01-09T10:53:01","guid":{"rendered":"https:\/\/wham-vintage.com\/muneca-gimnasta-set-juego-barbie\/"},"modified":"2026-01-09T11:53:13","modified_gmt":"2026-01-09T10:53:13","slug":"muneca-gimnasta-set-juego-barbie","status":"publish","type":"product","link":"https:\/\/wham-vintage.com\/fr\/muneca-gimnasta-set-juego-barbie\/","title":{"rendered":"Poup\u00e9e gymnaste + coffret Barbie"},"content":{"rendered":"<p>LANCEMENT<\/p>\n<p>Edad: +3-4 a\u00f1os. Tama\u00f1o: 37,5&#215;35,5&#215;32,5cm. Incluye una mu\u00f1eca Barbie con maillot, un clip en forma de C, una barra de equilibrio, dos bastones, dos aros, una botella de agua, un pl\u00e1tano, un trofeo, una medalla, una bolsa de gimnasio, una chaqueta, un par de pantalones cortos y un par de zapatillas de deporte. Los peques dar\u00e1n volteretas de alegr\u00eda imaginando su carrera como gimnastas con la mu\u00f1eca Barbie y su barra de equilibrio. El conjunto de juego incluye m\u00e1s de 10 piezas tem\u00e1ticas para inspirar historias llenas de victorias. Engancha la cintura de la mu\u00f1eca Barbie en el clip con forma de C y ay\u00fadala a dar piruetas, volteretas, saltos y mucho m\u00e1s. Dalo todo con tu rutina de suelo con los aros o los bastones, \u00a1tienen asas para que las manos de la mu\u00f1eca puedan sujetarlos de verdad! Cuenta historias antes y despu\u00e9s de las rutinas con accesorios adicionales que incluyen un trofeo, una medalla, una botella de agua y la merienda. La mu\u00f1eca Barbie Gimnasta lleva un maillot iridiscente colorido y el pelo rubio recogido en una cola de caballo. Tambi\u00e9n incluye conjunto de calentamiento, zapatillas y bolsa de gimnasio para dejar volar tu imaginaci\u00f3n. ADVERTENCIA: No conviene para ni\u00f1os menores de 36 meses.<\/p>\n<p>COMMANDE MINIMALE : 1<\/p>\n<p>2026-02-26<\/p>\n<p>STOCK DE LOISIRS : 0 IL Y EN A 0<\/p>","protected":false},"excerpt":{"rendered":"<p>https:\/\/www.ociostock.com\/productos\/imagenes\/img_343398_5f77d9ac5e74624d2f1ed681a520b6f7_1.jpg<\/p>","protected":false},"featured_media":0,"template":"","meta":{"_acf_changed":false,"_relevanssi_hide_post":"","_relevanssi_pin_for_all":"","_relevanssi_pin_keywords":"","_relevanssi_unpin_keywords":"","_relevanssi_related_keywords":"","_relevanssi_related_include_ids":"","_relevanssi_related_exclude_ids":"","_relevanssi_related_no_append":"","_relevanssi_related_not_related":"","_relevanssi_related_posts":"29434,29417,29477,29437,29428,29433","_relevanssi_noindex_reason":""},"genero-musical":[],"product_brand":[],"product_cat":[],"product_tag":[],"tematica":[],"class_list":{"0":"post-29424","1":"product","2":"type-product","3":"status-publish","6":"first","7":"onbackorder","8":"sold-individually","9":"purchasable","10":"product-type-simple"},"acf":[],"_links":{"self":[{"href":"https:\/\/wham-vintage.com\/fr\/wp-json\/wp\/v2\/product\/29424","targetHints":{"allow":["GET"]}}],"collection":[{"href":"https:\/\/wham-vintage.com\/fr\/wp-json\/wp\/v2\/product"}],"about":[{"href":"https:\/\/wham-vintage.com\/fr\/wp-json\/wp\/v2\/types\/product"}],"wp:attachment":[{"href":"https:\/\/wham-vintage.com\/fr\/wp-json\/wp\/v2\/media?parent=29424"}],"wp:term":[{"taxonomy":"genero-musical","embeddable":true,"href":"https:\/\/wham-vintage.com\/fr\/wp-json\/wp\/v2\/genero-musical?post=29424"},{"taxonomy":"product_brand","embeddable":true,"href":"https:\/\/wham-vintage.com\/fr\/wp-json\/wp\/v2\/product_brand?post=29424"},{"taxonomy":"product_cat","embeddable":true,"href":"https:\/\/wham-vintage.com\/fr\/wp-json\/wp\/v2\/product_cat?post=29424"},{"taxonomy":"product_tag","embeddable":true,"href":"https:\/\/wham-vintage.com\/fr\/wp-json\/wp\/v2\/product_tag?post=29424"},{"taxonomy":"tematica","embeddable":true,"href":"https:\/\/wham-vintage.com\/fr\/wp-json\/wp\/v2\/tematica?post=29424"}],"curies":[{"name":"wp","href":"https:\/\/api.w.org\/{rel}","templated":true}]}}