{"id":29442,"date":"2026-01-09T11:53:19","date_gmt":"2026-01-09T10:53:19","guid":{"rendered":"https:\/\/wham-vintage.com\/muneca-fashionista-barbie\/"},"modified":"2026-01-09T11:53:29","modified_gmt":"2026-01-09T10:53:29","slug":"muneca-fashionista-barbie","status":"publish","type":"product","link":"https:\/\/wham-vintage.com\/fr\/muneca-fashionista-barbie\/","title":{"rendered":"Poup\u00e9e Barbie Fashionista"},"content":{"rendered":"<p>LANCEMENT<\/p>\n<p>Edad: +3 a\u00f1os. \u00a1Crea 3 looks incre\u00edbles para Barbie! Recrea las \u00faltimas tendencias con este conjunto que incluye ropa y accesorios para combinar como m\u00e1s te guste. La mu\u00f1eca Barbie tiene el pelo largo y rubio, y su cuerpo es de talla peque\u00f1a. Viene con un vestido lila de lentejuelas y cuello asim\u00e9trico abullonado. Pero hay m\u00e1s: un vestido camiseta con imagen estampada, una blazer rosa corta y una falda fruncida plateada. Combina todas las prendas y crea los looks m\u00e1s sorprendentes. Y, para dar el toque final, elige entre 3 pares de tacones, 2 carteras, 1 collar y gafas de sol.<\/p>\n<p>COMMANDE MINIMALE : 1<\/p>\n<p>2026-03-30<\/p>\n<p>STOCK DE LOISIRS : 0 IL Y EN A 0<\/p>","protected":false},"excerpt":{"rendered":"<p>https:\/\/www.ociostock.com\/productos\/imagenes\/img_437233_f1f3f7ecae26c33caebd871cd7a86855_1.jpg<\/p>","protected":false},"featured_media":0,"template":"","meta":{"_acf_changed":false,"_relevanssi_hide_post":"","_relevanssi_pin_for_all":"","_relevanssi_pin_keywords":"","_relevanssi_unpin_keywords":"","_relevanssi_related_keywords":"","_relevanssi_related_include_ids":"","_relevanssi_related_exclude_ids":"","_relevanssi_related_no_append":"","_relevanssi_related_not_related":"","_relevanssi_related_posts":"29434,29437,29447,29417,29444,29433","_relevanssi_noindex_reason":""},"genero-musical":[],"product_brand":[],"product_cat":[],"product_tag":[],"tematica":[],"class_list":{"0":"post-29442","1":"product","2":"type-product","3":"status-publish","6":"first","7":"onbackorder","8":"sold-individually","9":"purchasable","10":"product-type-simple"},"acf":[],"_links":{"self":[{"href":"https:\/\/wham-vintage.com\/fr\/wp-json\/wp\/v2\/product\/29442","targetHints":{"allow":["GET"]}}],"collection":[{"href":"https:\/\/wham-vintage.com\/fr\/wp-json\/wp\/v2\/product"}],"about":[{"href":"https:\/\/wham-vintage.com\/fr\/wp-json\/wp\/v2\/types\/product"}],"wp:attachment":[{"href":"https:\/\/wham-vintage.com\/fr\/wp-json\/wp\/v2\/media?parent=29442"}],"wp:term":[{"taxonomy":"genero-musical","embeddable":true,"href":"https:\/\/wham-vintage.com\/fr\/wp-json\/wp\/v2\/genero-musical?post=29442"},{"taxonomy":"product_brand","embeddable":true,"href":"https:\/\/wham-vintage.com\/fr\/wp-json\/wp\/v2\/product_brand?post=29442"},{"taxonomy":"product_cat","embeddable":true,"href":"https:\/\/wham-vintage.com\/fr\/wp-json\/wp\/v2\/product_cat?post=29442"},{"taxonomy":"product_tag","embeddable":true,"href":"https:\/\/wham-vintage.com\/fr\/wp-json\/wp\/v2\/product_tag?post=29442"},{"taxonomy":"tematica","embeddable":true,"href":"https:\/\/wham-vintage.com\/fr\/wp-json\/wp\/v2\/tematica?post=29442"}],"curies":[{"name":"wp","href":"https:\/\/api.w.org\/{rel}","templated":true}]}}