{"id":29460,"date":"2026-01-09T11:53:36","date_gmt":"2026-01-09T10:53:36","guid":{"rendered":"https:\/\/wham-vintage.com\/muneca-clawdeen-wolf-cumpleanos-monster-high\/"},"modified":"2026-01-09T11:53:45","modified_gmt":"2026-01-09T10:53:45","slug":"muneca-clawdeen-wolf-cumpleanos-monster-high","status":"publish","type":"product","link":"https:\/\/wham-vintage.com\/fr\/muneca-clawdeen-wolf-cumpleanos-monster-high\/","title":{"rendered":"Poup\u00e9e Clawdeen Wolf Anniversaire Monster High"},"content":{"rendered":"<p>LANCEMENT<\/p>\n<p>\u00a1Ayuda a la mu\u00f1eca Clawdeen Wolf a hacer pasteles de lo m\u00e1s terror\u00edficos con el Kit de pasteler\u00eda de la colecci\u00f3n Cumplespantos de Monster High! Draculaura cumple 1600 a\u00f1os, y no hay mejor regalo que llevar un postre casero a su hechizante fiesta de cumplespantos. Decora los pasteles con el espeluznante glaseado y los adornos, \u00a1y luego ap\u00edlalos y exponlos! Los m\u00e1s de 20 accesorios permiten dar rienda suelta a la creatividad. \u00a1A los ni\u00f1os y ni\u00f1as a partir de 4 a\u00f1os les encantar\u00e1 ponerse manos a la obra con Clawdeen Wolf! La mu\u00f1eca no puede tenerse en pie por s\u00ed sola. La masa no es comestible. Los colores y la decoraci\u00f3n pueden variar.<\/p>\n<p>COMMANDE MINIMALE : 1<\/p>\n<p>2025-12-10<\/p>\n<p>STOCK OCIOSTOCK : 1 HAY\u00a0 3<\/p>","protected":false},"excerpt":{"rendered":"<p>https:\/\/www.ociostock.com\/productos\/imagenes\/img_422883_061235f29fd726c8ecee50905d1bebaf_1.jpg<\/p>","protected":false},"featured_media":0,"template":"","meta":{"_acf_changed":false,"_relevanssi_hide_post":"","_relevanssi_pin_for_all":"","_relevanssi_pin_keywords":"","_relevanssi_unpin_keywords":"","_relevanssi_related_keywords":"","_relevanssi_related_include_ids":"","_relevanssi_related_exclude_ids":"","_relevanssi_related_no_append":"","_relevanssi_related_not_related":"","_relevanssi_related_posts":"29456,29468,29451,29473,29617,29455","_relevanssi_noindex_reason":""},"genero-musical":[],"product_brand":[],"product_cat":[],"product_tag":[],"tematica":[],"class_list":{"0":"post-29460","1":"product","2":"type-product","3":"status-publish","6":"first","7":"onbackorder","8":"sold-individually","9":"purchasable","10":"product-type-simple"},"acf":[],"_links":{"self":[{"href":"https:\/\/wham-vintage.com\/fr\/wp-json\/wp\/v2\/product\/29460","targetHints":{"allow":["GET"]}}],"collection":[{"href":"https:\/\/wham-vintage.com\/fr\/wp-json\/wp\/v2\/product"}],"about":[{"href":"https:\/\/wham-vintage.com\/fr\/wp-json\/wp\/v2\/types\/product"}],"wp:attachment":[{"href":"https:\/\/wham-vintage.com\/fr\/wp-json\/wp\/v2\/media?parent=29460"}],"wp:term":[{"taxonomy":"genero-musical","embeddable":true,"href":"https:\/\/wham-vintage.com\/fr\/wp-json\/wp\/v2\/genero-musical?post=29460"},{"taxonomy":"product_brand","embeddable":true,"href":"https:\/\/wham-vintage.com\/fr\/wp-json\/wp\/v2\/product_brand?post=29460"},{"taxonomy":"product_cat","embeddable":true,"href":"https:\/\/wham-vintage.com\/fr\/wp-json\/wp\/v2\/product_cat?post=29460"},{"taxonomy":"product_tag","embeddable":true,"href":"https:\/\/wham-vintage.com\/fr\/wp-json\/wp\/v2\/product_tag?post=29460"},{"taxonomy":"tematica","embeddable":true,"href":"https:\/\/wham-vintage.com\/fr\/wp-json\/wp\/v2\/tematica?post=29460"}],"curies":[{"name":"wp","href":"https:\/\/api.w.org\/{rel}","templated":true}]}}