{"id":29822,"date":"2026-01-09T11:59:24","date_gmt":"2026-01-09T10:59:24","guid":{"rendered":"https:\/\/wham-vintage.com\/juego-educativo-calendario-disney\/"},"modified":"2026-01-09T11:59:36","modified_gmt":"2026-01-09T10:59:36","slug":"juego-educativo-calendario-disney","status":"publish","type":"product","link":"https:\/\/wham-vintage.com\/fr\/juego-educativo-calendario-disney\/","title":{"rendered":"Juego Educativo Calendario Disney"},"content":{"rendered":"<p>LANCEMENT<\/p>\n<p>Tama\u00f1o tablero: 30x30x3,5cm. Edad: +5 a\u00f1os. Aprende los d\u00edas de la semana, clima, estaciones, meses, y horas.<\/p>\n<p>COMMANDE MINIMALE : 1<\/p>\n<p>2023-10-10<\/p>\n<p>STOCK OCIOSTOCK : 1 HAY\u00a0 4<\/p>","protected":false},"excerpt":{"rendered":"<p>https:\/\/www.ociostock.com\/productos\/imagenes\/img_279674_bdaefd298c04c11aa15947f285c542a5_1.jpg<\/p>","protected":false},"featured_media":0,"template":"","meta":{"_acf_changed":false,"_relevanssi_hide_post":"","_relevanssi_pin_for_all":"","_relevanssi_pin_keywords":"","_relevanssi_unpin_keywords":"","_relevanssi_related_keywords":"","_relevanssi_related_include_ids":"","_relevanssi_related_exclude_ids":"","_relevanssi_related_no_append":"","_relevanssi_related_not_related":"","_relevanssi_related_posts":"30688,29402,29812,29818,29819,29820","_relevanssi_noindex_reason":""},"genero-musical":[],"product_brand":[],"product_cat":[],"product_tag":[],"tematica":[],"class_list":{"0":"post-29822","1":"product","2":"type-product","3":"status-publish","6":"first","7":"onbackorder","8":"sold-individually","9":"purchasable","10":"product-type-simple"},"acf":[],"_links":{"self":[{"href":"https:\/\/wham-vintage.com\/fr\/wp-json\/wp\/v2\/product\/29822","targetHints":{"allow":["GET"]}}],"collection":[{"href":"https:\/\/wham-vintage.com\/fr\/wp-json\/wp\/v2\/product"}],"about":[{"href":"https:\/\/wham-vintage.com\/fr\/wp-json\/wp\/v2\/types\/product"}],"wp:attachment":[{"href":"https:\/\/wham-vintage.com\/fr\/wp-json\/wp\/v2\/media?parent=29822"}],"wp:term":[{"taxonomy":"genero-musical","embeddable":true,"href":"https:\/\/wham-vintage.com\/fr\/wp-json\/wp\/v2\/genero-musical?post=29822"},{"taxonomy":"product_brand","embeddable":true,"href":"https:\/\/wham-vintage.com\/fr\/wp-json\/wp\/v2\/product_brand?post=29822"},{"taxonomy":"product_cat","embeddable":true,"href":"https:\/\/wham-vintage.com\/fr\/wp-json\/wp\/v2\/product_cat?post=29822"},{"taxonomy":"product_tag","embeddable":true,"href":"https:\/\/wham-vintage.com\/fr\/wp-json\/wp\/v2\/product_tag?post=29822"},{"taxonomy":"tematica","embeddable":true,"href":"https:\/\/wham-vintage.com\/fr\/wp-json\/wp\/v2\/tematica?post=29822"}],"curies":[{"name":"wp","href":"https:\/\/api.w.org\/{rel}","templated":true}]}}