{"id":30790,"date":"2026-01-09T12:15:31","date_gmt":"2026-01-09T11:15:31","guid":{"rendered":"https:\/\/wham-vintage.com\/super-tienda-de-llantas-hot-wheels\/"},"modified":"2026-01-09T12:15:33","modified_gmt":"2026-01-09T11:15:33","slug":"super-tienda-de-llantas-hot-wheels","status":"publish","type":"product","link":"https:\/\/wham-vintage.com\/fr\/super-tienda-de-llantas-hot-wheels\/","title":{"rendered":"Super magasin de pneus Hot Wheels"},"content":{"rendered":"<p>LANCEMENT<\/p>\n<p>Edad: 3-4 a\u00f1os. Tama\u00f1o: 19&#215;36,5&#215;25,5cm. Incluye 1 conjunto de juego Hot Wheels City Super Twist Tire Shop y 1 veh\u00edculo Hot Wheels. Cuando los ni\u00f1os juegan con el conjunto Hot Wheels City Super Twist Tire Shop, descubren nuevas y emocionantes aventuras arraigadas en la tradici\u00f3n de Hot Wheels. Sube el veh\u00edculo al ascensor de coches, lev\u00e1ntalo y deja que el coche se deslice dentro de la impresionante estructura transparente en forma de neum\u00e1ticos. A medida que los ni\u00f1os giran la llave central, el coche se mueve por los neum\u00e1ticos hasta llegar a la parte superior del conjunto de juego, donde se lanza hacia aventuras ilimitadas. El conjunto de juego viene con 1 veh\u00edculo Hot Wheels, pero hasta 4 coches de juguete pueden correr por la estructura de neum\u00e1ticos a la vez para disfrutar de acci\u00f3n sin l\u00edmites (los coches adicionales se venden por separado). Los coches y los conjuntos de juego de Hot Wheels animan a los ni\u00f1os a desarrollar sus habilidades creativas a trav\u00e9s de divertidos y emocionantes juegos. \u00a1El conjunto se conecta a otros conjuntos para aumentar las posibilidades de juego! El conjunto de juego Hot Wheels City Super Twist Tire Shop es un gran regalo para ni\u00f1os de 4 a 8 a\u00f1os y viene con un veh\u00edculo Hot Wheels para que la diversi\u00f3n empiece nada m\u00e1s abrir la caja. ADVERTENCIA: No conviene para ni\u00f1os menores de 36 meses. Requiere montaje por parte de un adulto.<\/p>\n<p>COMMANDE MINIMALE : 1<\/p>\n<p>2026-02-26<\/p>\n<p>STOCK DE LOISIRS : 0 IL Y EN A 0<\/p>","protected":false},"excerpt":{"rendered":"<p>https:\/\/www.ociostock.com\/productos\/imagenes\/img_341524_dcacbbb278b063aad4ea4047993c4926_1.jpg<\/p>","protected":false},"featured_media":0,"template":"","meta":{"_acf_changed":false,"_relevanssi_hide_post":"","_relevanssi_pin_for_all":"","_relevanssi_pin_keywords":"","_relevanssi_unpin_keywords":"","_relevanssi_related_keywords":"","_relevanssi_related_include_ids":"","_relevanssi_related_exclude_ids":"","_relevanssi_related_no_append":"","_relevanssi_related_not_related":"","_relevanssi_related_posts":"30793,30799,30795,30797,30798,30800","_relevanssi_noindex_reason":""},"genero-musical":[],"product_brand":[],"product_cat":[],"product_tag":[],"tematica":[],"class_list":{"0":"post-30790","1":"product","2":"type-product","3":"status-publish","6":"first","7":"onbackorder","8":"sold-individually","9":"purchasable","10":"product-type-simple"},"acf":[],"_links":{"self":[{"href":"https:\/\/wham-vintage.com\/fr\/wp-json\/wp\/v2\/product\/30790","targetHints":{"allow":["GET"]}}],"collection":[{"href":"https:\/\/wham-vintage.com\/fr\/wp-json\/wp\/v2\/product"}],"about":[{"href":"https:\/\/wham-vintage.com\/fr\/wp-json\/wp\/v2\/types\/product"}],"wp:attachment":[{"href":"https:\/\/wham-vintage.com\/fr\/wp-json\/wp\/v2\/media?parent=30790"}],"wp:term":[{"taxonomy":"genero-musical","embeddable":true,"href":"https:\/\/wham-vintage.com\/fr\/wp-json\/wp\/v2\/genero-musical?post=30790"},{"taxonomy":"product_brand","embeddable":true,"href":"https:\/\/wham-vintage.com\/fr\/wp-json\/wp\/v2\/product_brand?post=30790"},{"taxonomy":"product_cat","embeddable":true,"href":"https:\/\/wham-vintage.com\/fr\/wp-json\/wp\/v2\/product_cat?post=30790"},{"taxonomy":"product_tag","embeddable":true,"href":"https:\/\/wham-vintage.com\/fr\/wp-json\/wp\/v2\/product_tag?post=30790"},{"taxonomy":"tematica","embeddable":true,"href":"https:\/\/wham-vintage.com\/fr\/wp-json\/wp\/v2\/tematica?post=30790"}],"curies":[{"name":"wp","href":"https:\/\/api.w.org\/{rel}","templated":true}]}}