{"id":30915,"date":"2026-01-09T12:17:41","date_gmt":"2026-01-09T11:17:41","guid":{"rendered":"https:\/\/wham-vintage.com\/estuche-kit-herramientas-de-entrenador-juego-cartas-coleccionables-pokemon-espanol\/"},"modified":"2026-01-09T12:17:47","modified_gmt":"2026-01-09T11:17:47","slug":"estuche-kit-herramientas-de-entrenador-juego-cartas-coleccionables-pokemon-espanol","status":"publish","type":"product","link":"https:\/\/wham-vintage.com\/fr\/estuche-kit-herramientas-de-entrenador-juego-cartas-coleccionables-pokemon-espanol\/","title":{"rendered":"Coffret d&#039;outils de dresseur pour jeu de cartes \u00e0 collectionner Pok\u00e9mon (espagnol)"},"content":{"rendered":"<p>LANCEMENT<\/p>\n<p>Idioma: Espa\u00f1ol. Edad: +6 a\u00f1os. Contiene: 4 sobres Pokemon TCG. 56 cartas. 65 sobres de cartas. 1 gu\u00eda. 6 contadores de da\u00f1o. 1 troquel de lanzamiento de moneda.  2 marcadores de estado de monedas. 1 tarjeta de codigo.<\/p>\n<p>COMMANDE MINIMALE : 1<\/p>\n<p>2025-10-30<\/p>\n<p>STOCK DE LOISIRS : 0 IL Y EN A 0<\/p>","protected":false},"excerpt":{"rendered":"<p>https:\/\/www.ociostock.com\/productos\/imagenes\/img_410796_e27d6240c3a01469fc89d241c2fd4c5a_1.jpg<\/p>","protected":false},"featured_media":0,"template":"","meta":{"_acf_changed":false,"_relevanssi_hide_post":"","_relevanssi_pin_for_all":"","_relevanssi_pin_keywords":"","_relevanssi_unpin_keywords":"","_relevanssi_related_keywords":"","_relevanssi_related_include_ids":"","_relevanssi_related_exclude_ids":"","_relevanssi_related_no_append":"","_relevanssi_related_not_related":"","_relevanssi_related_posts":"30923,30920,30912,30919,30916,30900","_relevanssi_noindex_reason":""},"genero-musical":[],"product_brand":[],"product_cat":[],"product_tag":[],"tematica":[],"class_list":{"0":"post-30915","1":"product","2":"type-product","3":"status-publish","6":"first","7":"onbackorder","8":"sold-individually","9":"purchasable","10":"product-type-simple"},"acf":[],"_links":{"self":[{"href":"https:\/\/wham-vintage.com\/fr\/wp-json\/wp\/v2\/product\/30915","targetHints":{"allow":["GET"]}}],"collection":[{"href":"https:\/\/wham-vintage.com\/fr\/wp-json\/wp\/v2\/product"}],"about":[{"href":"https:\/\/wham-vintage.com\/fr\/wp-json\/wp\/v2\/types\/product"}],"wp:attachment":[{"href":"https:\/\/wham-vintage.com\/fr\/wp-json\/wp\/v2\/media?parent=30915"}],"wp:term":[{"taxonomy":"genero-musical","embeddable":true,"href":"https:\/\/wham-vintage.com\/fr\/wp-json\/wp\/v2\/genero-musical?post=30915"},{"taxonomy":"product_brand","embeddable":true,"href":"https:\/\/wham-vintage.com\/fr\/wp-json\/wp\/v2\/product_brand?post=30915"},{"taxonomy":"product_cat","embeddable":true,"href":"https:\/\/wham-vintage.com\/fr\/wp-json\/wp\/v2\/product_cat?post=30915"},{"taxonomy":"product_tag","embeddable":true,"href":"https:\/\/wham-vintage.com\/fr\/wp-json\/wp\/v2\/product_tag?post=30915"},{"taxonomy":"tematica","embeddable":true,"href":"https:\/\/wham-vintage.com\/fr\/wp-json\/wp\/v2\/tematica?post=30915"}],"curies":[{"name":"wp","href":"https:\/\/api.w.org\/{rel}","templated":true}]}}