{"id":32258,"date":"2026-01-15T08:59:53","date_gmt":"2026-01-15T07:59:53","guid":{"rendered":"https:\/\/wham-vintage.com\/pecados-1-rey-de-la-ira-ed-especial-ana-huang-cross-books\/"},"modified":"2026-01-25T16:36:22","modified_gmt":"2026-01-25T15:36:22","slug":"pecados-1-rey-de-la-ira-ed-especial-ana-huang-cross-books","status":"publish","type":"product","link":"https:\/\/wham-vintage.com\/fr\/pecados-1-rey-de-la-ira-ed-especial-ana-huang-cross-books\/","title":{"rendered":"P\u00c9CH\u00c9S 1 \u00c9DITION SP\u00c9CIALE ROI DE LA COL\u00c8RE \u2013 ANA HUANG \u2013 CROSS BOOKS"},"content":{"rendered":"<p>Disponible a partir: 12-06-2024<\/p>\n<p>&nbsp;<\/p>","protected":false},"excerpt":{"rendered":"<p>Disponible a partir: 12-06-2024 &nbsp;<\/p>","protected":false},"featured_media":32259,"template":"","meta":{"_acf_changed":false,"_relevanssi_hide_post":"","_relevanssi_pin_for_all":"","_relevanssi_pin_keywords":"","_relevanssi_unpin_keywords":"","_relevanssi_related_keywords":"","_relevanssi_related_include_ids":"","_relevanssi_related_exclude_ids":"","_relevanssi_related_no_append":"","_relevanssi_related_not_related":"","_relevanssi_related_posts":"32299,20685,37691,37595,37567,37597","_relevanssi_noindex_reason":""},"genero-musical":[],"grupo-categoria":[],"product_brand":[],"product_cat":[],"product_tag":[665],"tematica":[],"class_list":{"0":"post-32258","1":"product","2":"type-product","3":"status-publish","4":"has-post-thumbnail","6":"product_tag-ana-huang","8":"first","9":"onbackorder","10":"sold-individually","11":"purchasable","12":"product-type-simple"},"acf":[],"_links":{"self":[{"href":"https:\/\/wham-vintage.com\/fr\/wp-json\/wp\/v2\/product\/32258","targetHints":{"allow":["GET"]}}],"collection":[{"href":"https:\/\/wham-vintage.com\/fr\/wp-json\/wp\/v2\/product"}],"about":[{"href":"https:\/\/wham-vintage.com\/fr\/wp-json\/wp\/v2\/types\/product"}],"wp:featuredmedia":[{"embeddable":true,"href":"https:\/\/wham-vintage.com\/fr\/wp-json\/wp\/v2\/media\/32259"}],"wp:attachment":[{"href":"https:\/\/wham-vintage.com\/fr\/wp-json\/wp\/v2\/media?parent=32258"}],"wp:term":[{"taxonomy":"genero-musical","embeddable":true,"href":"https:\/\/wham-vintage.com\/fr\/wp-json\/wp\/v2\/genero-musical?post=32258"},{"taxonomy":"grupo-categoria","embeddable":true,"href":"https:\/\/wham-vintage.com\/fr\/wp-json\/wp\/v2\/grupo-categoria?post=32258"},{"taxonomy":"product_brand","embeddable":true,"href":"https:\/\/wham-vintage.com\/fr\/wp-json\/wp\/v2\/product_brand?post=32258"},{"taxonomy":"product_cat","embeddable":true,"href":"https:\/\/wham-vintage.com\/fr\/wp-json\/wp\/v2\/product_cat?post=32258"},{"taxonomy":"product_tag","embeddable":true,"href":"https:\/\/wham-vintage.com\/fr\/wp-json\/wp\/v2\/product_tag?post=32258"},{"taxonomy":"tematica","embeddable":true,"href":"https:\/\/wham-vintage.com\/fr\/wp-json\/wp\/v2\/tematica?post=32258"}],"curies":[{"name":"wp","href":"https:\/\/api.w.org\/{rel}","templated":true}]}}