{"id":40361,"date":"2026-02-14T18:09:48","date_gmt":"2026-02-14T17:09:48","guid":{"rendered":"https:\/\/wham-vintage.com\/los-misterios-de-los-polo-4-el-tesoro-samurai-los-polo-destino-infantil-y-juvenil\/"},"modified":"2026-02-14T18:10:02","modified_gmt":"2026-02-14T17:10:02","slug":"les-mysteres-des-poles-4-le-tresor-des-samourais-les-poles-une-destination-pour-les-enfants-et-les-jeunes","status":"publish","type":"product","link":"https:\/\/wham-vintage.com\/fr\/les-mysteres-des-poles-4-le-tresor-des-samourais-les-poles-une-destination-pour-les-enfants-et-les-jeunes\/","title":{"rendered":"LES MYST\u00c8RES DE LA FAMILLE POLO 4 : LE TR\u00c9SOR DU SAMOURA\u00cf \u2013 LA FAMILLE POLO \u2013 DESTINATION POUR ENFANTS ET JEUNES ADULTES"},"content":{"rendered":"<p>Disponible \u00e0 partir du 16\/04\/2025<\/p>\n<p>&nbsp;<\/p>","protected":false},"excerpt":{"rendered":"<p>Disponible \u00e0 partir du 16\/04\/2025 &nbsp;<\/p>","protected":false},"featured_media":40363,"template":"","meta":{"_acf_changed":false,"_relevanssi_hide_post":"","_relevanssi_pin_for_all":"","_relevanssi_pin_keywords":"","_relevanssi_unpin_keywords":"","_relevanssi_related_keywords":"","_relevanssi_related_include_ids":"","_relevanssi_related_exclude_ids":"","_relevanssi_related_no_append":"","_relevanssi_related_not_related":"","_relevanssi_related_posts":"40712,40740,24158,37611,38781,40362","_relevanssi_noindex_reason":""},"genero-musical":[],"product_brand":[],"product_cat":[],"product_tag":[7524,7607],"tematica":[4494],"class_list":{"0":"post-40361","1":"product","2":"type-product","3":"status-publish","4":"has-post-thumbnail","6":"product_tag-japon-y-cultura-japonesa","7":"product_tag-los-polo","8":"tematica-ficcion-de-crimen-y-misterio-infantil-juvenil","10":"first","11":"onbackorder","12":"sold-individually","13":"purchasable","14":"product-type-simple"},"acf":[],"_links":{"self":[{"href":"https:\/\/wham-vintage.com\/fr\/wp-json\/wp\/v2\/product\/40361","targetHints":{"allow":["GET"]}}],"collection":[{"href":"https:\/\/wham-vintage.com\/fr\/wp-json\/wp\/v2\/product"}],"about":[{"href":"https:\/\/wham-vintage.com\/fr\/wp-json\/wp\/v2\/types\/product"}],"wp:featuredmedia":[{"embeddable":true,"href":"https:\/\/wham-vintage.com\/fr\/wp-json\/wp\/v2\/media\/40363"}],"wp:attachment":[{"href":"https:\/\/wham-vintage.com\/fr\/wp-json\/wp\/v2\/media?parent=40361"}],"wp:term":[{"taxonomy":"genero-musical","embeddable":true,"href":"https:\/\/wham-vintage.com\/fr\/wp-json\/wp\/v2\/genero-musical?post=40361"},{"taxonomy":"product_brand","embeddable":true,"href":"https:\/\/wham-vintage.com\/fr\/wp-json\/wp\/v2\/product_brand?post=40361"},{"taxonomy":"product_cat","embeddable":true,"href":"https:\/\/wham-vintage.com\/fr\/wp-json\/wp\/v2\/product_cat?post=40361"},{"taxonomy":"product_tag","embeddable":true,"href":"https:\/\/wham-vintage.com\/fr\/wp-json\/wp\/v2\/product_tag?post=40361"},{"taxonomy":"tematica","embeddable":true,"href":"https:\/\/wham-vintage.com\/fr\/wp-json\/wp\/v2\/tematica?post=40361"}],"curies":[{"name":"wp","href":"https:\/\/api.w.org\/{rel}","templated":true}]}}