{"id":56050,"date":"2026-04-03T16:34:37","date_gmt":"2026-04-03T15:34:37","guid":{"rendered":"https:\/\/wham-vintage.com\/?post_type=product&#038;p=56050"},"modified":"2026-04-19T21:32:44","modified_gmt":"2026-04-19T20:32:44","slug":"curriculum-con-monstruos-william-browning-spencer-novela-fantasia-oferta-ocasion","status":"publish","type":"product","link":"https:\/\/wham-vintage.com\/fr\/curriculum-con-monstruos-william-browning-spencer-novela-fantasia-oferta-ocasion\/","title":{"rendered":"Curr\u00edculum con Monstruos &#8211; William Browning Spencer &#8211; Novela Fantas\u00eda &#8211; Oferta ocasi\u00f3n"},"content":{"rendered":"<h2>Una combinaci\u00f3n irresistible de fantas\u00eda y s\u00e1tira<\/h2>\n<p>\u00bfY si tus monstruos internos fueran reales? Spencer te presenta una historia tan original como impredecible, en la que la rutina y lo sobrenatural colisionan. Ambientada en el surrealista universo corporativo, esta novela mezcla magistralmente la cr\u00edtica social con criaturas m\u00e1gicas que se sienten asombrosamente cercanas.<\/p>\n<h2>La oferta que estabas esperando<\/h2>\n<p>No solo hablamos de una obra literaria excepcional, sino tambi\u00e9n de una oportunidad \u00fanica. Esta novela fant\u00e1stica est\u00e1 disponible a un precio irrepetible. Si buscas expandir tu colecci\u00f3n de libros con una lectura inolvidable, esta es tu ocasi\u00f3n ideal.<\/p>\n<p><em>Descubre por qu\u00e9 <strong>Curr\u00edculum con Monstruos<\/strong> se ha convertido en un imprescindible en el g\u00e9nero de fantas\u00eda. \u00a1Haz clic y adquiere tu ejemplar hoy mismo!<\/em><\/p>","protected":false},"excerpt":{"rendered":"<p>\u00bfFantaseando con el pr\u00f3ximo libro que devorar\u00e1s?<\/p>\n<p>Prep\u00e1rate para un viaje alucinante con <strong>Curr\u00edculum con Monstruos<\/strong>, la aclamada novela de William Browning Spencer. Esta obra, cargada de humor, intriga y un toque de locura, es perfecta para quienes aman perderse en mundos extraordinarios y dejar volar su imaginaci\u00f3n.<\/p>\n<p>&nbsp;<\/p>","protected":false},"featured_media":56049,"template":"","meta":{"_acf_changed":false,"_relevanssi_hide_post":"","_relevanssi_pin_for_all":"","_relevanssi_pin_keywords":"","_relevanssi_unpin_keywords":"","_relevanssi_related_keywords":"","_relevanssi_related_include_ids":"0","_relevanssi_related_exclude_ids":"","_relevanssi_related_no_append":"","_relevanssi_related_not_related":"","_relevanssi_related_posts":"37581,37629,37661,37565,37575,37637","_relevanssi_noindex_reason":""},"genero-musical":[],"product_brand":[],"product_cat":[9217,21,9215],"product_tag":[],"tematica":[2417,2406,2588,2377,2446,2437,2306,2348,2497],"class_list":{"0":"post-56050","1":"product","2":"type-product","3":"status-publish","4":"has-post-thumbnail","6":"product_cat-discos-vinilo-ocasion","7":"product_cat-libros-antiguos-de-ocasion-y-coleccion","8":"product_cat-musica-discos-vinilos-cassettes","9":"tematica-aventura-ciencia-ficcion-fantasia","10":"tematica-aventura-ciencia-ficcion-relatos-de-aventuras-infantil-juvenil-ciencia-ficcion-infantil-juvenil-fantasia-y-realismo-magico-infantil-juvenil-ciencia-y-tecnologia-infantil-juvenil","11":"tematica-aventura-fantasia-ciencia-ficcion-infantil-juvenil-fantasia-y-realismo-magico-infantil-juvenil","12":"tematica-ciencia-ficcion-infantil-juvenil-fantasia-y-realismo-magico-infantil-juvenil","13":"tematica-ciencia-ficcion-clasica-fantasia","14":"tematica-ciencia-ficcion-ciencia-ficcion-clasica-fantasia","15":"tematica-ciencia-ficcion-fantasia","16":"tematica-ciencia-ficcion-fantasia-novelas-graficas-literarias-y-memorias","17":"tematica-ficcion-clasica-ciencia-ficcion-clasica-fantasia","19":"first","20":"instock","21":"sold-individually","22":"taxable","23":"shipping-taxable","24":"purchasable","25":"product-type-simple"},"acf":[],"_links":{"self":[{"href":"https:\/\/wham-vintage.com\/fr\/wp-json\/wp\/v2\/product\/56050","targetHints":{"allow":["GET"]}}],"collection":[{"href":"https:\/\/wham-vintage.com\/fr\/wp-json\/wp\/v2\/product"}],"about":[{"href":"https:\/\/wham-vintage.com\/fr\/wp-json\/wp\/v2\/types\/product"}],"wp:featuredmedia":[{"embeddable":true,"href":"https:\/\/wham-vintage.com\/fr\/wp-json\/wp\/v2\/media\/56049"}],"wp:attachment":[{"href":"https:\/\/wham-vintage.com\/fr\/wp-json\/wp\/v2\/media?parent=56050"}],"wp:term":[{"taxonomy":"genero-musical","embeddable":true,"href":"https:\/\/wham-vintage.com\/fr\/wp-json\/wp\/v2\/genero-musical?post=56050"},{"taxonomy":"product_brand","embeddable":true,"href":"https:\/\/wham-vintage.com\/fr\/wp-json\/wp\/v2\/product_brand?post=56050"},{"taxonomy":"product_cat","embeddable":true,"href":"https:\/\/wham-vintage.com\/fr\/wp-json\/wp\/v2\/product_cat?post=56050"},{"taxonomy":"product_tag","embeddable":true,"href":"https:\/\/wham-vintage.com\/fr\/wp-json\/wp\/v2\/product_tag?post=56050"},{"taxonomy":"tematica","embeddable":true,"href":"https:\/\/wham-vintage.com\/fr\/wp-json\/wp\/v2\/tematica?post=56050"}],"curies":[{"name":"wp","href":"https:\/\/api.w.org\/{rel}","templated":true}]}}