{"id":56271,"date":"2026-04-07T11:18:09","date_gmt":"2026-04-07T10:18:09","guid":{"rendered":"https:\/\/wham-vintage.com\/the-movie-album-barbra-streisand-cd-pop-standards-usado\/"},"modified":"2026-04-07T11:18:26","modified_gmt":"2026-04-07T10:18:26","slug":"the-movie-album-barbra-streisand-cd-pop-standards-usado","status":"publish","type":"product","link":"https:\/\/wham-vintage.com\/fr\/the-movie-album-barbra-streisand-cd-pop-standards-usado\/","title":{"rendered":"The Movie Album &#8211; Barbra Streisand &#8211; CD &#8211; Pop \/ Standards &#8211; Usado"},"content":{"rendered":"<p>Cd&#8217;s de ocasi\u00f3n en wham-vintage.com buena m\u00fasica bien seleccionada, s\u00f3lo calidad<\/p>","protected":false},"excerpt":{"rendered":"<p>Cd de ocasi\u00f3n de The Movie Album &#8211; Barbra Streisand &#8211; CD &#8211; Pop \/ Standards &#8211; Usado<\/p>","protected":false},"featured_media":56191,"template":"","meta":{"_acf_changed":false,"_relevanssi_hide_post":"","_relevanssi_pin_for_all":"","_relevanssi_pin_keywords":"","_relevanssi_unpin_keywords":"","_relevanssi_related_keywords":"","_relevanssi_related_include_ids":"","_relevanssi_related_exclude_ids":"","_relevanssi_related_no_append":"","_relevanssi_related_not_related":"","_relevanssi_related_posts":"39440,17435,14719,32560,40415,22822","_relevanssi_noindex_reason":""},"genero-musical":[9175],"product_brand":[],"product_cat":[9140],"product_tag":[],"tematica":[],"class_list":{"0":"post-56271","1":"product","2":"type-product","3":"status-publish","4":"has-post-thumbnail","6":"genero-musical-pop-standards","7":"product_cat-venta-de-cds-musicales-nuevos-y-de-ocasion","9":"first","10":"instock","11":"sold-individually","12":"purchasable","13":"product-type-simple"},"acf":[],"_links":{"self":[{"href":"https:\/\/wham-vintage.com\/fr\/wp-json\/wp\/v2\/product\/56271","targetHints":{"allow":["GET"]}}],"collection":[{"href":"https:\/\/wham-vintage.com\/fr\/wp-json\/wp\/v2\/product"}],"about":[{"href":"https:\/\/wham-vintage.com\/fr\/wp-json\/wp\/v2\/types\/product"}],"wp:featuredmedia":[{"embeddable":true,"href":"https:\/\/wham-vintage.com\/fr\/wp-json\/wp\/v2\/media\/56191"}],"wp:attachment":[{"href":"https:\/\/wham-vintage.com\/fr\/wp-json\/wp\/v2\/media?parent=56271"}],"wp:term":[{"taxonomy":"genero-musical","embeddable":true,"href":"https:\/\/wham-vintage.com\/fr\/wp-json\/wp\/v2\/genero-musical?post=56271"},{"taxonomy":"product_brand","embeddable":true,"href":"https:\/\/wham-vintage.com\/fr\/wp-json\/wp\/v2\/product_brand?post=56271"},{"taxonomy":"product_cat","embeddable":true,"href":"https:\/\/wham-vintage.com\/fr\/wp-json\/wp\/v2\/product_cat?post=56271"},{"taxonomy":"product_tag","embeddable":true,"href":"https:\/\/wham-vintage.com\/fr\/wp-json\/wp\/v2\/product_tag?post=56271"},{"taxonomy":"tematica","embeddable":true,"href":"https:\/\/wham-vintage.com\/fr\/wp-json\/wp\/v2\/tematica?post=56271"}],"curies":[{"name":"wp","href":"https:\/\/api.w.org\/{rel}","templated":true}]}}