{"id":57115,"date":"2026-04-24T10:48:22","date_gmt":"2026-04-24T09:48:22","guid":{"rendered":"https:\/\/wham-vintage.com\/dracula-edicion-de-lujo-vintage-clasica-edimat-ediciones-bram-stoker-edimat-libros\/"},"modified":"2026-04-24T10:59:50","modified_gmt":"2026-04-24T09:59:50","slug":"dracula-edicion-de-lujo-vintage-clasica-edimat-ediciones-bram-stoker-edimat-libros","status":"publish","type":"product","link":"https:\/\/wham-vintage.com\/fr\/dracula-edicion-de-lujo-vintage-clasica-edimat-ediciones-bram-stoker-edimat-libros\/","title":{"rendered":"DR\u00c1CULA &#8211; Edici\u00f3n de Lujo Vintage Cl\u00e1sica &#8211; Edimat Ediciones &#8211; BRAM STOKER &#8211; EDIMAT LIBROS"},"content":{"rendered":"<p><strong>Auteur:<\/strong> BRAM STOKER<\/p>\n<p><strong>\u00c9ditorial:<\/strong> EDIMAT LIBROS<\/p>\n<p><strong>Format:<\/strong> Couverture rigide<\/p>\n<p><strong>A\u00f1o Edici\u00f3n:<\/strong> 2022<\/p>\n<p><strong>ISBN:<\/strong> 9788497945356<\/p>","protected":false},"excerpt":{"rendered":"<p>Una edici\u00f3n espectacular en tapa dura color escarlata, y decoraciones en dorados, como tan bien hace la editorial Edimat. DR\u00c1CULA &#8211; Edici\u00f3n de Lujo Vintage Cl\u00e1sica &#8211; Edimat Ediciones \u00b7 por BRAM STOKER \u00b7 Editorial EDIMAT LIBROS \u00b7 Tapa dura<\/p>","protected":false},"featured_media":57116,"template":"","meta":{"_acf_changed":false,"_relevanssi_hide_post":"","_relevanssi_pin_for_all":"","_relevanssi_pin_keywords":"","_relevanssi_unpin_keywords":"","_relevanssi_related_keywords":"","_relevanssi_related_include_ids":"0","_relevanssi_related_exclude_ids":"","_relevanssi_related_no_append":"","_relevanssi_related_not_related":"","_relevanssi_related_posts":"37661,37685,37703,37581,37629,20685","_relevanssi_noindex_reason":""},"genero-musical":[],"product_brand":[],"product_cat":[1508,21],"product_tag":[],"tematica":[2334,2299,968],"class_list":{"0":"post-57115","1":"product","2":"type-product","3":"status-publish","4":"has-post-thumbnail","6":"product_cat-libros-cofres-pack-estuches-regalo","7":"product_cat-libros-antiguos-de-ocasion-y-coleccion","8":"tematica-ficcion-clasica-cuentos-clasicos-de-terror-y-fantasmas-ciencia-ficcion-clasica","9":"tematica-ficcion-clasica-cuentos-de-terror-y-fantasmas-cuentos-clasicos-de-terror-y-fantasmas-ciencia-ficcion-ficcion-caracteristicas-especiales","10":"tematica-terror","12":"first","13":"instock","14":"sold-individually","15":"taxable","16":"shipping-taxable","17":"purchasable","18":"product-type-simple"},"acf":[],"_links":{"self":[{"href":"https:\/\/wham-vintage.com\/fr\/wp-json\/wp\/v2\/product\/57115","targetHints":{"allow":["GET"]}}],"collection":[{"href":"https:\/\/wham-vintage.com\/fr\/wp-json\/wp\/v2\/product"}],"about":[{"href":"https:\/\/wham-vintage.com\/fr\/wp-json\/wp\/v2\/types\/product"}],"wp:featuredmedia":[{"embeddable":true,"href":"https:\/\/wham-vintage.com\/fr\/wp-json\/wp\/v2\/media\/57116"}],"wp:attachment":[{"href":"https:\/\/wham-vintage.com\/fr\/wp-json\/wp\/v2\/media?parent=57115"}],"wp:term":[{"taxonomy":"genero-musical","embeddable":true,"href":"https:\/\/wham-vintage.com\/fr\/wp-json\/wp\/v2\/genero-musical?post=57115"},{"taxonomy":"product_brand","embeddable":true,"href":"https:\/\/wham-vintage.com\/fr\/wp-json\/wp\/v2\/product_brand?post=57115"},{"taxonomy":"product_cat","embeddable":true,"href":"https:\/\/wham-vintage.com\/fr\/wp-json\/wp\/v2\/product_cat?post=57115"},{"taxonomy":"product_tag","embeddable":true,"href":"https:\/\/wham-vintage.com\/fr\/wp-json\/wp\/v2\/product_tag?post=57115"},{"taxonomy":"tematica","embeddable":true,"href":"https:\/\/wham-vintage.com\/fr\/wp-json\/wp\/v2\/tematica?post=57115"}],"curies":[{"name":"wp","href":"https:\/\/api.w.org\/{rel}","templated":true}]}}