{"id":7533,"date":"2025-07-16T09:27:19","date_gmt":"2025-07-16T09:27:19","guid":{"rendered":"https:\/\/wham-vintage.com\/?post_type=product&#038;p=7533"},"modified":"2025-12-08T16:22:13","modified_gmt":"2025-12-08T15:22:13","slug":"figurine-vintage-en-pvc-de-tom-et-jerry-des-annees-80","status":"publish","type":"product","link":"https:\/\/wham-vintage.com\/fr\/figurine-vintage-en-pvc-de-tom-et-jerry-des-annees-80\/","title":{"rendered":"\ud83d\udc3e Spike \u2013 Figurine vintage Tom et Jerry en PVC (ann\u00e9es 80)"},"content":{"rendered":"<p>Cette figurine en PVC des ann\u00e9es 1980 reprend son expression renfrogn\u00e9e et son col bleu embl\u00e9matique \u00e0 clous argent\u00e9s. Bien qu&#039;elle ne pr\u00e9sente aucune gravure visible, son design est identique \u00e0 celui des figurines fabriqu\u00e9es par <strong>Bandes dessin\u00e9es Espagne<\/strong> et <strong>Schleich<\/strong> \u00e0 ce moment-l\u00e0.<br \/>Une pi\u00e8ce <strong>r\u00e9tro tr\u00e8s recherch\u00e9<\/strong> Pour les collectionneurs d&#039;animation classique, id\u00e9al pour revivre les pitreries de la s\u00e9rie ou d\u00e9corer dans un style vintage.<br \/>\ud83d\udc36 Caract\u00e9ristiques du produit :<br \/><strong>Personnage:<\/strong> Spike (Tom et Jerry)<br \/><strong>Mat\u00e9riel:<\/strong> PVC peint \u00e0 la main<br \/><strong>Fabrication estim\u00e9e :<\/strong> ann\u00e9es 80<br \/><strong>Hauteur approximative :<\/strong> 6\u20137 cm<br \/><strong>\u00c9tat:<\/strong> Excellent \u00e9tat \/ Vintage<br \/><strong>Marque:<\/strong> Aucune gravure visible (peut-\u00eatre Comics Spain ou Schleich)<br \/>\ud83c\udfaf Id\u00e9al pour :<br \/>Fans de Tom et Jerry<br \/>Collectionneurs de personnages anim\u00e9s classiques<br \/>D\u00e9coration r\u00e9tro et nostalgique<br \/>Cadeaux originaux pour les amateurs d&#039;animation<\/p>","protected":false},"excerpt":{"rendered":"<p>\u00a1Directo desde los cl\u00e1sicos dibujos animados de <strong>Tom y Jerry<\/strong>, llega Spike, el perro malhumorado con coraz\u00f3n de oro! <\/p>","protected":false},"featured_media":7518,"template":"","meta":{"_acf_changed":false,"_relevanssi_hide_post":"","_relevanssi_pin_for_all":"","_relevanssi_pin_keywords":"","_relevanssi_unpin_keywords":"","_relevanssi_related_keywords":"","_relevanssi_related_include_ids":"","_relevanssi_related_exclude_ids":"","_relevanssi_related_no_append":"","_relevanssi_related_not_related":"","_relevanssi_related_posts":"7532,40980,36637,7926,36575,20452","_relevanssi_noindex_reason":""},"genero-musical":[],"product_brand":[],"product_cat":[],"product_tag":[],"tematica":[],"class_list":{"0":"post-7533","1":"product","2":"type-product","3":"status-publish","4":"has-post-thumbnail","7":"first","8":"outofstock","9":"sold-individually","10":"taxable","11":"shipping-taxable","12":"purchasable","13":"product-type-simple"},"acf":[],"_links":{"self":[{"href":"https:\/\/wham-vintage.com\/fr\/wp-json\/wp\/v2\/product\/7533","targetHints":{"allow":["GET"]}}],"collection":[{"href":"https:\/\/wham-vintage.com\/fr\/wp-json\/wp\/v2\/product"}],"about":[{"href":"https:\/\/wham-vintage.com\/fr\/wp-json\/wp\/v2\/types\/product"}],"wp:featuredmedia":[{"embeddable":true,"href":"https:\/\/wham-vintage.com\/fr\/wp-json\/wp\/v2\/media\/7518"}],"wp:attachment":[{"href":"https:\/\/wham-vintage.com\/fr\/wp-json\/wp\/v2\/media?parent=7533"}],"wp:term":[{"taxonomy":"genero-musical","embeddable":true,"href":"https:\/\/wham-vintage.com\/fr\/wp-json\/wp\/v2\/genero-musical?post=7533"},{"taxonomy":"product_brand","embeddable":true,"href":"https:\/\/wham-vintage.com\/fr\/wp-json\/wp\/v2\/product_brand?post=7533"},{"taxonomy":"product_cat","embeddable":true,"href":"https:\/\/wham-vintage.com\/fr\/wp-json\/wp\/v2\/product_cat?post=7533"},{"taxonomy":"product_tag","embeddable":true,"href":"https:\/\/wham-vintage.com\/fr\/wp-json\/wp\/v2\/product_tag?post=7533"},{"taxonomy":"tematica","embeddable":true,"href":"https:\/\/wham-vintage.com\/fr\/wp-json\/wp\/v2\/tematica?post=7533"}],"curies":[{"name":"wp","href":"https:\/\/api.w.org\/{rel}","templated":true}]}}