{"id":8706,"date":"2025-09-15T07:31:45","date_gmt":"2025-09-15T07:31:45","guid":{"rendered":"https:\/\/wham-vintage.com\/secretos-de-las-obras-de-arte-es-hagendrrainer-rose-marie\/"},"modified":"2026-04-11T16:55:32","modified_gmt":"2026-04-11T15:55:32","slug":"les-secrets-des-oeuvres-dart-de-rose-marie-hagendrrainer","status":"publish","type":"product","link":"https:\/\/wham-vintage.com\/fr\/les-secrets-des-oeuvres-dart-de-rose-marie-hagendrrainer\/","title":{"rendered":"SECRETS DES \u0152UVRES D&#039;ART (ES) \u2013 HAGEN, DR, RAINER\/ROSE-MARIE"},"content":{"rendered":"<p><em>Los secretos de las obras de arte. 100 obras maestras en detalle<\/em>, de <strong>Rainer y Rose-Marie Hagen<\/strong>, es una obra imprescindible para quienes desean mirar m\u00e1s all\u00e1 de la superficie de las pinturas m\u00e1s c\u00e9lebres del mundo. Publicado por <strong>TASCHEN<\/strong>, este libro convierte al lector en un aut\u00e9ntico detective del arte, desvelando s\u00edmbolos, gestos, objetos y detalles que a menudo pasan desapercibidos.<\/p>\n<p>Desde el <em>Matrimonio Arnolfini<\/em> de Van Eyck hasta los frescos de Miguel \u00c1ngel, cada obra es analizada con lupa para revelar su contexto hist\u00f3rico, sus significados ocultos y las intrigas que marcaron su creaci\u00f3n. Con m\u00e1s de <em>660 p\u00e1ginas<\/em> y un formato compacto en tapa dura, esta edici\u00f3n combina erudici\u00f3n y accesibilidad, ideal tanto para expertos como para aficionados.<\/p>\n<p><strong>Fonctionnalit\u00e9s mises en \u00e9vidence\u00a0:<\/strong><\/p>\n<ul>\n<li>An\u00e1lisis detallado de <em>100 obras maestras<\/em> de la historia del arte.<\/li>\n<li>Textos claros y envolventes que exploran el simbolismo y el contexto cultural.<\/li>\n<li>M\u00e1s de <em>600 p\u00e1ginas<\/em> ilustradas a todo color.<\/li>\n<li>Formato elegante y manejable: 14 x 20 cm aprox.<\/li>\n<li>Perfecto para estudiantes, docentes, coleccionistas y amantes del arte.<\/li>\n<\/ul>\n<p>Este libro no solo ense\u00f1a a ver, sino a <em>observar con profundidad<\/em>, despertando la curiosidad y el asombro por el arte en cada p\u00e1gina.<\/p>\n<p>\ud83d\udce6 <em>Una obra para disfrutar, regalar y redescubrir una y otra vez.<\/em><\/p>","protected":false},"excerpt":{"rendered":"<p>Descubre los detalles ocultos y las historias sorprendentes detr\u00e1s de 100 obras maestras del arte. Una gu\u00eda visual imprescindible para curiosos, estudiantes y amantes del arte.<\/p>","protected":false},"featured_media":8707,"template":"","meta":{"_acf_changed":false,"_relevanssi_hide_post":"","_relevanssi_pin_for_all":"","_relevanssi_pin_keywords":"","_relevanssi_unpin_keywords":"","_relevanssi_related_keywords":"","_relevanssi_related_include_ids":"","_relevanssi_related_exclude_ids":"","_relevanssi_related_no_append":"","_relevanssi_related_not_related":"","_relevanssi_related_posts":"23547,8736,8979,20685,16964,33803","_relevanssi_noindex_reason":""},"genero-musical":[],"product_brand":[],"product_cat":[],"product_tag":[1572,1571,1573],"tematica":[],"class_list":{"0":"post-8706","1":"product","2":"type-product","3":"status-publish","4":"has-post-thumbnail","6":"product_tag-dr","7":"product_tag-hagen","8":"product_tag-rainer-rose-marie","10":"first","11":"outofstock","12":"sold-individually","13":"purchasable","14":"product-type-simple"},"acf":[],"_links":{"self":[{"href":"https:\/\/wham-vintage.com\/fr\/wp-json\/wp\/v2\/product\/8706","targetHints":{"allow":["GET"]}}],"collection":[{"href":"https:\/\/wham-vintage.com\/fr\/wp-json\/wp\/v2\/product"}],"about":[{"href":"https:\/\/wham-vintage.com\/fr\/wp-json\/wp\/v2\/types\/product"}],"wp:featuredmedia":[{"embeddable":true,"href":"https:\/\/wham-vintage.com\/fr\/wp-json\/wp\/v2\/media\/8707"}],"wp:attachment":[{"href":"https:\/\/wham-vintage.com\/fr\/wp-json\/wp\/v2\/media?parent=8706"}],"wp:term":[{"taxonomy":"genero-musical","embeddable":true,"href":"https:\/\/wham-vintage.com\/fr\/wp-json\/wp\/v2\/genero-musical?post=8706"},{"taxonomy":"product_brand","embeddable":true,"href":"https:\/\/wham-vintage.com\/fr\/wp-json\/wp\/v2\/product_brand?post=8706"},{"taxonomy":"product_cat","embeddable":true,"href":"https:\/\/wham-vintage.com\/fr\/wp-json\/wp\/v2\/product_cat?post=8706"},{"taxonomy":"product_tag","embeddable":true,"href":"https:\/\/wham-vintage.com\/fr\/wp-json\/wp\/v2\/product_tag?post=8706"},{"taxonomy":"tematica","embeddable":true,"href":"https:\/\/wham-vintage.com\/fr\/wp-json\/wp\/v2\/tematica?post=8706"}],"curies":[{"name":"wp","href":"https:\/\/api.w.org\/{rel}","templated":true}]}}